{"id":955,"date":"2022-04-12T07:56:07","date_gmt":"2022-04-12T07:56:07","guid":{"rendered":"https:\/\/birgitgraschopf.com\/?page_id=955"},"modified":"2023-01-06T11:41:43","modified_gmt":"2023-01-06T11:41:43","slug":"impressum","status":"publish","type":"page","link":"https:\/\/birgitgraschopf.com\/index.php\/impressum\/","title":{"rendered":"Impressum"},"content":{"rendered":"\n<p class=\"has-regular-font-size\">Mag. art. Birgit Graschopf<\/p>\n\n\n\n<p><\/p>\n\n\n\n<p><strong>Kontakt: <\/strong><br>mail@birgitgraschopf.com<br><a href=\"tel:+43 (0)664 1416550\">+43<\/a> 650 8150559<\/p>\n\n\n\n<p><strong>Atelier:<\/strong><br>Wiedner Hauptstrasse 40, 1040 Wien<\/p>\n\n\n\n<p><\/p>\n\n\n\n<p><strong>Haftungsausschluss<\/strong>:<br>F\u00fcr die Vollst\u00e4ndigkeit und Richtigkeit der Inhalte dieser Website kann keine Haftung \u00fcbernommen werden. Die auf dieser Website enthaltenen Inhalte dienen ausschlie\u00dflich Informationszwecken. F\u00fcr Sch\u00e4den, die aus Handlungen resultieren, die auf dieser oder einer der folgenden Seiten enthalten sind, wird keine Haftung \u00fcbernommen. Es gibt immer eine laufende Aktualisierung dieser Website. Diese Website enth\u00e4lt Links zu externen Websites Dritter, auf deren Inhalte ich keinen Einfluss habe. Deshalb kann ich f\u00fcr diese fremden Inhalte auch keine Gew\u00e4hr \u00fcbernehmen. F\u00fcr die Inhalte der verlinkten Seiten ist stets der jeweilige Anbieter oder Betreiber der Seiten verantwortlich. Die verlinkten Seiten wurden zum Zeitpunkt der Verlinkung auf m\u00f6gliche Rechtsverst\u00f6\u00dfe \u00fcberpr\u00fcft. Rechtswidrige Inhalte waren zum Zeitpunkt der Verlinkung nicht erkennbar. Eine permanente inhaltliche Kontrolle der verlinkten Seiten ist jedoch ohne konkrete Anhaltspunkte einer Rechtsverletzung nicht zumutbar. Bei Bekanntwerden von Rechtsverletzungen werden derartige Links umgehend entfernt. <\/p>\n\n\n\n<p><\/p>\n\n\n\n<p>Inhalte \u00a9 Birgit Graschopf <\/p>\n\n\n\n<p>Webdesign \u00a9 Kristian Achtsnith, BA MAS <\/p>\n\n\n\n<p>1.1.2023<\/p>\n","protected":false},"excerpt":{"rendered":"<p>Mag. art. Birgit Graschopf Kontakt: mail@birgitgraschopf.com+43 650 8150559 Atelier:Wiedner Hauptstrasse 40, 1040 Wien Haftungsausschluss:F\u00fcr die Vollst\u00e4ndigkeit und Richtigkeit der Inhalte dieser Website kann keine Haftung&#8230;<\/p>\n<div class=\"more-link-wrapper\"><a class=\"more-link\" href=\"https:\/\/birgitgraschopf.com\/index.php\/impressum\/\">Continue Reading<span class=\"screen-reader-text\">Impressum<\/span><\/a><\/div>\n","protected":false},"author":1,"featured_media":0,"parent":0,"menu_order":0,"comment_status":"closed","ping_status":"closed","template":"","meta":{"_uf_show_specific_survey":0,"_uf_disable_surveys":false,"footnotes":""},"class_list":["post-955","page","type-page","status-publish","hentry","entry"],"aioseo_notices":[],"_links":{"self":[{"href":"https:\/\/birgitgraschopf.com\/index.php\/wp-json\/wp\/v2\/pages\/955","targetHints":{"allow":["GET"]}}],"collection":[{"href":"https:\/\/birgitgraschopf.com\/index.php\/wp-json\/wp\/v2\/pages"}],"about":[{"href":"https:\/\/birgitgraschopf.com\/index.php\/wp-json\/wp\/v2\/types\/page"}],"author":[{"embeddable":true,"href":"https:\/\/birgitgraschopf.com\/index.php\/wp-json\/wp\/v2\/users\/1"}],"replies":[{"embeddable":true,"href":"https:\/\/birgitgraschopf.com\/index.php\/wp-json\/wp\/v2\/comments?post=955"}],"version-history":[{"count":7,"href":"https:\/\/birgitgraschopf.com\/index.php\/wp-json\/wp\/v2\/pages\/955\/revisions"}],"predecessor-version":[{"id":1165,"href":"https:\/\/birgitgraschopf.com\/index.php\/wp-json\/wp\/v2\/pages\/955\/revisions\/1165"}],"wp:attachment":[{"href":"https:\/\/birgitgraschopf.com\/index.php\/wp-json\/wp\/v2\/media?parent=955"}],"curies":[{"name":"wp","href":"https:\/\/api.w.org\/{rel}","templated":true}]}}