{"id":92,"date":"2021-11-21T15:58:34","date_gmt":"2021-11-21T15:58:34","guid":{"rendered":"https:\/\/birgitgraschopf.com\/?page_id=92"},"modified":"2026-04-07T09:31:05","modified_gmt":"2026-04-07T09:31:05","slug":"vita","status":"publish","type":"page","link":"https:\/\/birgitgraschopf.com\/index.php\/vita\/","title":{"rendered":"Vita"},"content":{"rendered":"\n<p>*1978, Vienna<br>Living and working there as a self-employed fine artist<br><\/p>\n\n\n\n<p>Master Degree in the Class of Photography in June 2007 at the University of Applied Arts Vienna, Fine Art &amp; Media, led by Gabriele Rothemann, 2001-2007<br>Exchange Study abroad at the Hogsk\u00f6lan for Fotografi och Film, Gothenburg, Sweden 2003-2004<br>Visiting Lecturer at the Class of Photography, University for Applied Arts in the following terms:<br>Summer Terms: 2007, 2013<br>Winter Terms: 2016\/17 and 2025\/26<\/p>\n\n\n\n<p><mark style=\"background-color:rgba(0, 0, 0, 0)\" class=\"has-inline-color has-pale-pink-color\"><strong>Recent Art Fair<\/strong><\/mark><br><strong><em><a href=\"https:\/\/unseenphoto.com\/\" title=\"UNSEEN Photo Fair\"><mark style=\"background-color:rgba(0, 0, 0, 0)\" class=\"has-inline-color has-light-green-cyan-color\">UNSEEN Photo Fair<\/mark><\/a><mark style=\"background-color:rgba(0, 0, 0, 0)\" class=\"has-inline-color has-light-green-cyan-color\"><\/mark><\/em><\/strong><em>as part of <\/em><strong><em><mark style=\"background-color:rgba(0, 0, 0, 0)\" class=\"has-inline-color has-light-green-cyan-color\">Art Rotterdam 2026<\/mark><\/em><\/strong><br>work presented by <a href=\"https:\/\/galleryviewer.com\/en\/event\/30\/exhibition\/6281\/1660\" title=\"In-Dependance Gallery\">In-Dependance Gallery<\/a> (Antwerp\/Belgium)<br>Rotterdam Ahoy, Ahoyweg 10, 3084 BA Rotterdam, Netherlands<br><em>Booth J02, Thu &#8211; Sun 11 am &#8211; 7 pm<strong><br><\/strong><\/em><strong><em>27th March &#8211; 29th March 2026<\/em><\/strong><\/p>\n\n\n\n<p class=\"has-text-align-left\"><mark style=\"background-color:rgba(0, 0, 0, 0)\" class=\"has-inline-color has-pale-pink-color\"><strong>Current Exhibition<\/strong><\/mark><br><strong><em><mark style=\"background-color:rgba(0, 0, 0, 0)\" class=\"has-inline-color has-light-green-cyan-color\">SILENTLY PRESENT<\/mark><\/em><\/strong><br><a href=\"https:\/\/www.rodler-gschwenter.com\" title=\"Galerie Rodler Gschwenter\">Galerie Rodler Gschwenter<\/a><br>Zollergasse 29, 1070 Vienna<br><em>Tue &#8211; Fri 11 am &#8211; 6 pm, Sat 12 &#8211; 3 pm<strong><br>13th March &#8211; 18th April 2026<\/strong><\/em><br><\/p>\n\n\n\n<p><strong><mark style=\"background-color:rgba(0, 0, 0, 0)\" class=\"has-inline-color has-pale-pink-color\">Solos und Performances<\/mark><\/strong> (selected):<\/p>\n\n\n\n<p><strong>2025<\/strong><br><strong><em>As M\u00e1scaras<\/em><\/strong>, <a href=\"https:\/\/conexao.ufrj.br\/2025\/12\/embaixador-da-austria-visita-a-ufrj\/?fbclid=PAVERTVgOj4ntleHRuA2FlbQIxMABzcnRjBmFwcF9pZA81NjcwNjczNDMzNTI0MjcAAaebJ3Vg2dl64tEQq3ZVPn9Pvexi0okHdkTdLyXU0wKuBts6b_P_f3a1wEMlYw_aem_K76QB_sMPh483g63SWO43A\" title=\"\">Museu National UFRJ<\/a>, Rio de Janeiro, Brazil<br><strong><em>The Chamber\u2018s Play<\/em><\/strong>, Parallel Vienna, Otto Wagner Area Vienna<br><strong><em>2000 Years<\/em><\/strong>, One-Work-Gallery, Kritzendorf, Lower Austria<br><strong>2024<\/strong><br><strong><em>Art and Law<\/em><\/strong>, Laback Law, Vienna<br><strong><em>Federleicht<\/em><\/strong>, SPARK Art Fair, Rudolf Leeb Gallery, Marx Halle Vienna<br><strong>2023<\/strong><br><strong><em>Solo<\/em><\/strong>, RAG Art Club, Vienna<br><strong>2022<\/strong><br><strong><em>A Multifacetada &#8211; Die Vielgesichtige<\/em><\/strong>, 3 permanent Wall Exposures in Bras\u00edlia\/Brazil, Espa\u00e7o Cultural Renato Russo, Bibliotheca do Brasil, Austrian Embassy Brazil<br><strong><em>Wall, Interrupted. Vol. 2<\/em><\/strong>, Museum SIAM, Bangkok\/Thailand<br><strong>2021<\/strong><br><strong><em>Flechtenkosmos<\/em><\/strong>, permanent Wall Exposure at the Museum &#8222;Haus der Wildnis&#8220;, Lunz am See\/Lower Austria<br><strong><em>Walls, Interrupted.<\/em><\/strong> Bildraum 01, Vienna<br><strong>2020<\/strong><br><strong><em>Salon priv\u00e9<\/em><\/strong>, Atelier Guido Kucsko am Hohen Markt, Vienna<br><strong>2019<\/strong><br><strong><em>Exposed<\/em><\/strong>, Haas &amp; Gschwandtner Gallery, Salzburg<br><strong>2018<\/strong><br><strong><em>Performing Rooms. Day and Night.<\/em><\/strong> Ausstellungsbr\u00fccke St. P\u00f6lten<br><strong><em>The Nocturne of Alicante<\/em><\/strong>, Bastei 10, Marco Simonis, Vienna<br><strong><em>Performative Wall Exposure<\/em><\/strong> within the exhibition <strong><em>Space and Photography<\/em><\/strong>, Museum der Moderne Salzburg<br><strong>2017<\/strong><br><strong><em>Nocturnal<\/em><\/strong>, Parallel Vienna, Rudolf Leeb Gallery<br><strong><em>Domesticities<\/em><\/strong>, K\u00d6R-20 Seconds for Art on all INFOSCREENS of Vienna&#8217;s Public Transport System Wiener Linien<br><strong>2016<\/strong><br><strong><em>Medusa<\/em><\/strong>, Bogliasco Center Gallery, Bogliasco\/Italy and NYC\/USA<br><strong>2015<\/strong><br><strong><em>Das Packhaus<\/em><\/strong>, Videoinstallation, Paradocks, Vienna<br><strong>2014<\/strong><br><strong><em>Intervention #4<\/em><\/strong>, <a href=\"https:\/\/www.albertina.at\/presse\/ausstellungen\/birgit-graschopf\/\" title=\"\">Albertina<\/a><br><strong><em>Domesticities<\/em><\/strong>, Kapsch Art Screens, Kapsch Head Office Vienna<br><strong><em>Shibari<\/em><\/strong>, Artist&#8217;s Intervention \u201eIdeen brauchen Raum\u201c of the BAI, Vienna<br><strong>2013<\/strong><br><strong><em>Particulate Matters<\/em><\/strong>, Art at Wittmann, Wittmann Showcase at Karlsplatz Vienna<strong><em><br>Gaijin Josei<\/em><\/strong>, Elektro G\u00f6nner, Vienna<br><strong>2012<\/strong><br><strong><em>Space Forward<\/em><\/strong>, Carbon 12 Gallery, Dubai \/ UAE<br><strong>2011<\/strong><br><strong><em>Zwischen<\/em><\/strong>, Momentum Gallery Vienna<br><strong>2010<\/strong><br><strong><em>A Ship Will Come<\/em><\/strong>, EIKON Showcase\/MQ, Vienna<br><strong><em>Space Shift<\/em><\/strong>, Photoperformance, das weisse haus, Vienna<\/p>\n\n\n\n<p><strong><mark style=\"background-color:rgba(0, 0, 0, 0)\" class=\"has-inline-color has-pale-pink-color\">Group<\/mark><\/strong> (selected):<\/p>\n\n\n\n<p><strong>2025<\/strong><br><strong><em>Paper Positions Vienna<\/em><\/strong>, Rodler-Gschwenter Gallery, Semper Depot Vienna<br><strong><em>House Of Awe<\/em><\/strong>, AG18 Gallery, Vienna<br><strong><em>24 1\/2<\/em><\/strong>, Anniversary Exhibition, University of Applied Arts, Augarten Atelier Vienna<br><strong><em>Paper Positions Berlin<\/em><\/strong>, Flughalle Tempelhof, Berlin<br><strong><em>Touch Nature<\/em><\/strong>, Lentos Kunstmuseum Linz, Upper Austria<br><strong>2024<\/strong><br><strong><em>Paper Positions<\/em><\/strong>, Kursalon H\u00fcbner, Vienna<br><strong><em>Terrible Beauty<\/em><\/strong>, gmunden.photo 2024, Upper Austria<br><strong><em>Domesticities<\/em><\/strong>, Winter Festival at Belvedere 21, Ursula Blickle Video Archive<br><strong>2023<\/strong><br><strong><em>Vienna Contemporary<\/em><\/strong>, Galerie Rudolf Leeb, Kursalon H\u00fcbner, Wien<br><strong><em>Zu Gast im Schloss<\/em><\/strong>, Rudolf Leeb Gallery, Schloss Wiespach, Hallein<br><strong><em>VON<\/em><\/strong>, Peinthner Lichtenfels Gallery, Vienna<br><strong>2022<\/strong><br><strong><em>Schiele Art Award<\/em><\/strong>, Nomin\u00e9es&#8216; Exhibition, Minoritenkloster Tulln\/Lower Austria<br><strong><em>How Soon Is Now?<\/em><\/strong>, Structura Gallery, Sofia\/Bulgaria<br><strong><em>Body and Nature<\/em><\/strong>, Rudolf Leeb Gallery, Vienna<br><strong><em>40 Years Of Fotogalerie Wien<\/em><\/strong>, Exhibition and Artist Talk<br><strong>2021<\/strong><br><strong><em>House Of Losing Control<\/em><\/strong>, Vienna Art Week<br><strong><em>Rotlicht Festival<\/em><\/strong>, Kro Gallery, Vienna<br><strong><em>Pure Bliss<\/em><\/strong>, Haas &amp; Gschwandtner Gallery, Salzburg<br><strong>2020<\/strong><br><strong><em>The Next Episode<\/em><\/strong>, Rudolf Leeb Gallery, Vienna<br><strong><em>Stand by<\/em><\/strong>, Rudolf Leeb Gallery, Vienna<br><strong><em>Pics from the Gallery Program<\/em><\/strong>, Haas &amp; Gschwandtner Gallery, Salzburg<br><strong><em>NOW Collected #9\/#10<\/em><\/strong>, Tresor at Kunstforum Bank Austria, Vienna<br><strong>2019<\/strong><br><strong><em>Walls &amp; Beyond<\/em><\/strong>, Oasis Gallery, Bangkok \/ Thailand<br><strong><em>Paarung ist harter Wettbewerb. Female Paper Works.<\/em><\/strong> Haas &amp; Gschwandtner Gallery, Salzburg<br><strong><em>Fair For Art<\/em><\/strong>, Rudolf Leeb Gallery, Vienna<br><strong><em>Instant Edition<\/em><\/strong>, Parallel Vienna<br><strong><em>Female &#8211; lebt und arbeitet in Wien<\/em><\/strong>, Rudolf Leeb Gallery<br><strong>2018<\/strong><br><strong><em>Instant Edition<\/em><\/strong>, Destilat, Vienna<br><strong><em>Chambres D\u2019Amies #3<\/em><\/strong>, Seliger, Vienna<br><strong><em>Abstract und Figurativ<\/em><\/strong>e, Collection Ed Urban, Waidhofen an der Ybbs, Lower Austria<br><strong><em>Like a Fairytale<\/em><\/strong>, N\u00f6ART &#8211; Lower Austrian Association for Art and Culture Touring Exhibition: Horn, Hollabrunn, Gro\u00df Gerungs, Allentsteig, Kirchberg a. W., Laa an der Thaya, Ziersdorf<br><strong>2017<\/strong><br><strong><em>Space &amp; Photography<\/em><\/strong>, Museum der Moderne Salzburg<br><strong><em>Instant Edition<\/em><\/strong>, Parallel Vienna<br><strong><em>Photography from Austria<\/em><\/strong>, Schlossgalerie Sch\u00e4rding, Upper Austria<br><strong><em>Filmfestival am Wasserturm<\/em><\/strong>, Volxkino, Vienna<\/p>\n\n\n\n<p><mark style=\"background-color:rgba(0, 0, 0, 0)\" class=\"has-inline-color has-pale-pink-color\"><strong>Awards \/ Grants<\/strong><\/mark><\/p>\n\n\n\n<p><strong>2025<\/strong><br><strong><em>\u201eAs M\u00e1scaras\u201c<\/em><\/strong> &#8211; a collaboration with the Museu Nacional da Universidade Federal do Rio de Janeiro, funded by the Austrian Federal Chancellery and the Austrian Embassy in Brazil<br><strong>2022<\/strong><br><strong><em>\u201eA Multifacetada\u201c<\/em><\/strong> &#8211; A project funded by the Austrian Federal Chancellery and the Austrian Embassy in Brazil<br><strong>2019<\/strong><br><strong><em>Walls&amp;Beyond<\/em><\/strong> Silpakorn University, Bangkok\/Thailand<br><strong>2015<\/strong><br><strong><em>Bogliasco Foundation International Fellowship<\/em><\/strong>, Bogliasco\/Italy<br><strong>2014<\/strong><br><strong><em>State Fellowship for Artistic Photography<\/em><\/strong> by the Austrian Federal Chancellery<br><strong>2012<\/strong><br><strong><em>Studio Grant Tokyo<\/em><\/strong>, 6 months, by the Austrian Federal Chancellery<br><strong>2010<\/strong><br><strong><em>Photography Award <\/em><\/strong>by Stift Schlierbach<br><strong>2009<\/strong><br><strong><em>Vivatis Award<\/em><\/strong><br><strong><em><strong>Recognition Award<\/strong><\/em><\/strong> for Artistic Photography<br><strong><em>Studio Grant Paris<\/em><\/strong>, 3 months, by the Austrian Federal Chancellery<br><strong>2008<\/strong><br><strong><em>Anni and Heinrich Sussmann Award<\/em><\/strong><br><strong><em>Recognition Award<\/em><\/strong> (Artistic Photography) by the Government of Lower Austria<br><strong>2006<\/strong><br><strong><em>Diesel New Art Award<\/em><\/strong><br><strong><em>Artist in Residence bei Sign to Eutopia<\/em><\/strong>, Groningen\/Netherlands<br><strong><em>Otto Prutscher<\/em><\/strong> <strong><em>Award<\/em><\/strong><\/p>\n\n\n\n<p><strong><mark style=\"background-color:rgba(0, 0, 0, 0)\" class=\"has-inline-color has-pale-pink-color\">Collections<\/mark><\/strong>:<\/p>\n\n\n\n<p>Albertina<br>Museu National UFRJ, Rio de Janeiro, Brazil<br>Fotomuseum Winterthur, Switzerland<br>Museum der Moderne, Salzburg<br>Republic of Austria<br>Government of Vienna<br>Ursula Blickle Video Archive<br>Universitiy of Applied Arts Vienna<br>Government of Lower Austria<br>Private Collections<br><strong><em>Photographic Frescoes \/ Wall Exposures in the following museums and public institutions:<\/em><\/strong><br><a href=\"https:\/\/www.albertina.at\/presse\/ausstellungen\/birgit-graschopf\/\" title=\"\">Albertina<\/a><br>Haus der Wildnis, Lunz, Lower Austria<br>Museum der Moderne, Salzburg<br>Austrian Embassy in Bras\u00edlia, Brazil<br>Espa\u00e7o Cultural Renato Russo, Bras\u00edlia, Brazil<br><strong><em>and in cooperation with various companies, including:<\/em><\/strong><br>Wittmann Furniture Manufactories<br>Kunstforum Wien and Bank Austria UniCredit<br>Marco Simonis<br>Lillis Ballroom<br>Kapsch TrafficCom AG<br>Walter Immobilien GmbH<\/p>\n\n\n\n<p><strong><mark style=\"background-color:rgba(0, 0, 0, 0)\" class=\"has-inline-color has-pale-pink-color\">Publication<\/mark><\/strong>:<\/p>\n\n\n\n<p><em><strong><a href=\"https:\/\/www.wolf.at\/produkt\/ober-flaechen-tiefe\/\" title=\"\">Oberfl\u00e4chentiefe \/ Surfacedepth &#8211; Monograph<\/a><\/strong><\/em><br>German\/English, 198 pages, Hardcover<br>Essays: Elissa Nelson, Ursula Maria Probst, Andreas Spiegl, Hans-J\u00fcrgen Hauptmann, Georgia Holz<br>published by Verlag f\u00fcr Moderne Kunst, Vienna 2016<\/p>\n","protected":false},"excerpt":{"rendered":"<p>*1978, ViennaLiving and working there as a self-employed fine artist Master Degree in the Class of Photography in June 2007 at the University of Applied&#8230;<\/p>\n<div class=\"more-link-wrapper\"><a class=\"more-link\" href=\"https:\/\/birgitgraschopf.com\/index.php\/vita\/\">Continue Reading<span class=\"screen-reader-text\">Vita<\/span><\/a><\/div>\n","protected":false},"author":1,"featured_media":0,"parent":0,"menu_order":0,"comment_status":"closed","ping_status":"closed","template":"","meta":{"_uf_show_specific_survey":0,"_uf_disable_surveys":false,"footnotes":""},"class_list":["post-92","page","type-page","status-publish","hentry","entry"],"aioseo_notices":[],"_links":{"self":[{"href":"https:\/\/birgitgraschopf.com\/index.php\/wp-json\/wp\/v2\/pages\/92","targetHints":{"allow":["GET"]}}],"collection":[{"href":"https:\/\/birgitgraschopf.com\/index.php\/wp-json\/wp\/v2\/pages"}],"about":[{"href":"https:\/\/birgitgraschopf.com\/index.php\/wp-json\/wp\/v2\/types\/page"}],"author":[{"embeddable":true,"href":"https:\/\/birgitgraschopf.com\/index.php\/wp-json\/wp\/v2\/users\/1"}],"replies":[{"embeddable":true,"href":"https:\/\/birgitgraschopf.com\/index.php\/wp-json\/wp\/v2\/comments?post=92"}],"version-history":[{"count":225,"href":"https:\/\/birgitgraschopf.com\/index.php\/wp-json\/wp\/v2\/pages\/92\/revisions"}],"predecessor-version":[{"id":2088,"href":"https:\/\/birgitgraschopf.com\/index.php\/wp-json\/wp\/v2\/pages\/92\/revisions\/2088"}],"wp:attachment":[{"href":"https:\/\/birgitgraschopf.com\/index.php\/wp-json\/wp\/v2\/media?parent=92"}],"curies":[{"name":"wp","href":"https:\/\/api.w.org\/{rel}","templated":true}]}}