{"id":894,"date":"2022-04-12T06:59:54","date_gmt":"2022-04-12T06:59:54","guid":{"rendered":"https:\/\/birgitgraschopf.com\/?page_id=894"},"modified":"2022-07-30T23:03:31","modified_gmt":"2022-07-30T23:03:31","slug":"gaijin-josei","status":"publish","type":"page","link":"https:\/\/birgitgraschopf.com\/index.php\/gaijin-josei\/","title":{"rendered":"Gaijin Josei"},"content":{"rendered":"\n<p><em>Die Ausl\u00e4nderin<\/em><\/p>\n\n\n\n<p>2012 war ich ein halbes Jahr mit den Atelierstipendium des Bundes in Japan.<br>Mit einem selbst gefalteten Papierfaltenrock, der in Bezug zu dem dort beliebten weiblichen, sehr divers konnotierten Kleidungsst\u00fcck steht, sowie zu der traditionellen Handwerksfaltkunst Origami, habe ich mich in verschiedenen \u00f6ffentlichen Bereichen Tokios bewegt \u2013 eine performative Intervention und ein k\u00fcnstlerischer Versuch mich dort anzupassen.<\/p>\n\n\n\n<div class=\"wp-block-group\"><div class=\"wp-block-group__inner-container is-layout-flow wp-block-group-is-layout-flow\">\n<figure class=\"wp-block-gallery has-nested-images columns-default is-cropped wp-block-gallery-1 is-layout-flex wp-block-gallery-is-layout-flex\">\n<figure class=\"wp-block-image size-large\"><img fetchpriority=\"high\" decoding=\"async\" width=\"1024\" height=\"713\" data-id=\"896\" src=\"https:\/\/birgitgraschopf.com\/wp-content\/uploads\/2022\/04\/01_SilhouetteI-1024x713.jpeg\" alt=\"\" class=\"wp-image-896\" srcset=\"https:\/\/birgitgraschopf.com\/wp-content\/uploads\/2022\/04\/01_SilhouetteI-1024x713.jpeg 1024w, https:\/\/birgitgraschopf.com\/wp-content\/uploads\/2022\/04\/01_SilhouetteI-300x209.jpeg 300w, https:\/\/birgitgraschopf.com\/wp-content\/uploads\/2022\/04\/01_SilhouetteI-768x535.jpeg 768w, https:\/\/birgitgraschopf.com\/wp-content\/uploads\/2022\/04\/01_SilhouetteI-1536x1070.jpeg 1536w, https:\/\/birgitgraschopf.com\/wp-content\/uploads\/2022\/04\/01_SilhouetteI-2048x1427.jpeg 2048w\" sizes=\"(max-width: 1024px) 100vw, 1024px\" \/><\/figure>\n\n\n\n<figure class=\"wp-block-image size-large\"><img decoding=\"async\" width=\"1024\" height=\"752\" data-id=\"900\" src=\"https:\/\/birgitgraschopf.com\/wp-content\/uploads\/2022\/04\/02_Home-2-1024x752.jpeg\" alt=\"\" class=\"wp-image-900\" srcset=\"https:\/\/birgitgraschopf.com\/wp-content\/uploads\/2022\/04\/02_Home-2-1024x752.jpeg 1024w, https:\/\/birgitgraschopf.com\/wp-content\/uploads\/2022\/04\/02_Home-2-300x220.jpeg 300w, https:\/\/birgitgraschopf.com\/wp-content\/uploads\/2022\/04\/02_Home-2-768x564.jpeg 768w, https:\/\/birgitgraschopf.com\/wp-content\/uploads\/2022\/04\/02_Home-2-1536x1128.jpeg 1536w, https:\/\/birgitgraschopf.com\/wp-content\/uploads\/2022\/04\/02_Home-2-2048x1503.jpeg 2048w\" sizes=\"(max-width: 1024px) 100vw, 1024px\" \/><\/figure>\n<\/figure>\n\n\n\n<figure class=\"wp-block-image size-large\"><img decoding=\"async\" width=\"1024\" height=\"683\" src=\"https:\/\/birgitgraschopf.com\/wp-content\/uploads\/2022\/04\/04_Stop-1-1024x683.jpeg\" alt=\"\" class=\"wp-image-904\" srcset=\"https:\/\/birgitgraschopf.com\/wp-content\/uploads\/2022\/04\/04_Stop-1-1024x683.jpeg 1024w, https:\/\/birgitgraschopf.com\/wp-content\/uploads\/2022\/04\/04_Stop-1-300x200.jpeg 300w, https:\/\/birgitgraschopf.com\/wp-content\/uploads\/2022\/04\/04_Stop-1-768x512.jpeg 768w, https:\/\/birgitgraschopf.com\/wp-content\/uploads\/2022\/04\/04_Stop-1-1536x1024.jpeg 1536w, https:\/\/birgitgraschopf.com\/wp-content\/uploads\/2022\/04\/04_Stop-1-2048x1366.jpeg 2048w\" sizes=\"(max-width: 1024px) 100vw, 1024px\" \/><\/figure>\n<\/div><\/div>\n\n\n\n<p><\/p>\n\n\n\n<figure class=\"wp-block-gallery has-nested-images columns-default is-cropped wp-block-gallery-2 is-layout-flex wp-block-gallery-is-layout-flex\">\n<figure class=\"wp-block-image size-large\"><img loading=\"lazy\" decoding=\"async\" width=\"1024\" height=\"687\" data-id=\"902\" src=\"https:\/\/birgitgraschopf.com\/wp-content\/uploads\/2022\/04\/03_AquakingII-1024x687.jpeg\" alt=\"\" class=\"wp-image-902\" srcset=\"https:\/\/birgitgraschopf.com\/wp-content\/uploads\/2022\/04\/03_AquakingII-1024x687.jpeg 1024w, https:\/\/birgitgraschopf.com\/wp-content\/uploads\/2022\/04\/03_AquakingII-300x201.jpeg 300w, https:\/\/birgitgraschopf.com\/wp-content\/uploads\/2022\/04\/03_AquakingII-768x515.jpeg 768w, https:\/\/birgitgraschopf.com\/wp-content\/uploads\/2022\/04\/03_AquakingII-1536x1031.jpeg 1536w, https:\/\/birgitgraschopf.com\/wp-content\/uploads\/2022\/04\/03_AquakingII-2048x1375.jpeg 2048w\" sizes=\"(max-width: 1024px) 100vw, 1024px\" \/><\/figure>\n\n\n\n<figure class=\"wp-block-image size-large\"><img loading=\"lazy\" decoding=\"async\" width=\"1024\" height=\"683\" data-id=\"905\" src=\"https:\/\/birgitgraschopf.com\/wp-content\/uploads\/2022\/04\/05_Untitled_TrainStation-1024x683.jpeg\" alt=\"\" class=\"wp-image-905\" srcset=\"https:\/\/birgitgraschopf.com\/wp-content\/uploads\/2022\/04\/05_Untitled_TrainStation-1024x683.jpeg 1024w, https:\/\/birgitgraschopf.com\/wp-content\/uploads\/2022\/04\/05_Untitled_TrainStation-300x200.jpeg 300w, https:\/\/birgitgraschopf.com\/wp-content\/uploads\/2022\/04\/05_Untitled_TrainStation-768x512.jpeg 768w, https:\/\/birgitgraschopf.com\/wp-content\/uploads\/2022\/04\/05_Untitled_TrainStation-1536x1024.jpeg 1536w, https:\/\/birgitgraschopf.com\/wp-content\/uploads\/2022\/04\/05_Untitled_TrainStation-2048x1366.jpeg 2048w\" sizes=\"(max-width: 1024px) 100vw, 1024px\" \/><\/figure>\n<\/figure>\n\n\n\n<figure class=\"wp-block-image size-large\"><img loading=\"lazy\" decoding=\"async\" width=\"1024\" height=\"683\" src=\"https:\/\/birgitgraschopf.com\/wp-content\/uploads\/2022\/04\/06_SilhouetteII-1-1024x683.jpeg\" alt=\"\" class=\"wp-image-907\" srcset=\"https:\/\/birgitgraschopf.com\/wp-content\/uploads\/2022\/04\/06_SilhouetteII-1-1024x683.jpeg 1024w, https:\/\/birgitgraschopf.com\/wp-content\/uploads\/2022\/04\/06_SilhouetteII-1-300x200.jpeg 300w, https:\/\/birgitgraschopf.com\/wp-content\/uploads\/2022\/04\/06_SilhouetteII-1-768x512.jpeg 768w, https:\/\/birgitgraschopf.com\/wp-content\/uploads\/2022\/04\/06_SilhouetteII-1-1536x1024.jpeg 1536w, https:\/\/birgitgraschopf.com\/wp-content\/uploads\/2022\/04\/06_SilhouetteII-1-2048x1366.jpeg 2048w\" sizes=\"(max-width: 1024px) 100vw, 1024px\" \/><\/figure>\n\n\n\n<p><\/p>\n\n\n\n<div class=\"wp-block-group\"><div class=\"wp-block-group__inner-container is-layout-flow wp-block-group-is-layout-flow\">\n<figure class=\"wp-block-gallery has-nested-images columns-default is-cropped wp-block-gallery-3 is-layout-flex wp-block-gallery-is-layout-flex\">\n<figure class=\"wp-block-image size-large\"><img loading=\"lazy\" decoding=\"async\" width=\"1024\" height=\"684\" data-id=\"910\" src=\"https:\/\/birgitgraschopf.com\/wp-content\/uploads\/2022\/04\/07_Sleep-2-1024x684.jpeg\" alt=\"\" class=\"wp-image-910\" srcset=\"https:\/\/birgitgraschopf.com\/wp-content\/uploads\/2022\/04\/07_Sleep-2-1024x684.jpeg 1024w, https:\/\/birgitgraschopf.com\/wp-content\/uploads\/2022\/04\/07_Sleep-2-300x200.jpeg 300w, https:\/\/birgitgraschopf.com\/wp-content\/uploads\/2022\/04\/07_Sleep-2-768x513.jpeg 768w, https:\/\/birgitgraschopf.com\/wp-content\/uploads\/2022\/04\/07_Sleep-2-1536x1026.jpeg 1536w, https:\/\/birgitgraschopf.com\/wp-content\/uploads\/2022\/04\/07_Sleep-2-2048x1368.jpeg 2048w\" sizes=\"(max-width: 1024px) 100vw, 1024px\" \/><\/figure>\n\n\n\n<figure class=\"wp-block-image size-large\"><img loading=\"lazy\" decoding=\"async\" width=\"1024\" height=\"683\" data-id=\"911\" src=\"https:\/\/birgitgraschopf.com\/wp-content\/uploads\/2022\/04\/08_Sleep2-1024x683.jpeg\" alt=\"\" class=\"wp-image-911\" srcset=\"https:\/\/birgitgraschopf.com\/wp-content\/uploads\/2022\/04\/08_Sleep2-1024x683.jpeg 1024w, https:\/\/birgitgraschopf.com\/wp-content\/uploads\/2022\/04\/08_Sleep2-300x200.jpeg 300w, https:\/\/birgitgraschopf.com\/wp-content\/uploads\/2022\/04\/08_Sleep2-768x512.jpeg 768w, https:\/\/birgitgraschopf.com\/wp-content\/uploads\/2022\/04\/08_Sleep2-1536x1024.jpeg 1536w, https:\/\/birgitgraschopf.com\/wp-content\/uploads\/2022\/04\/08_Sleep2-2048x1366.jpeg 2048w\" sizes=\"(max-width: 1024px) 100vw, 1024px\" \/><\/figure>\n<\/figure>\n<\/div><\/div>\n\n\n\n<div class=\"wp-block-group\"><div class=\"wp-block-group__inner-container is-layout-flow wp-block-group-is-layout-flow\">\n<div class=\"wp-block-group\"><div class=\"wp-block-group__inner-container is-layout-flow wp-block-group-is-layout-flow\">\n<div class=\"wp-block-group\"><div class=\"wp-block-group__inner-container is-layout-flow wp-block-group-is-layout-flow\">\n<figure class=\"wp-block-gallery has-nested-images columns-default is-cropped wp-block-gallery-4 is-layout-flex wp-block-gallery-is-layout-flex\">\n<figure class=\"wp-block-image size-large\"><img loading=\"lazy\" decoding=\"async\" width=\"1024\" height=\"805\" data-id=\"917\" src=\"https:\/\/birgitgraschopf.com\/wp-content\/uploads\/2022\/04\/10_SilhouetteIII-3-1024x805.jpeg\" alt=\"\" class=\"wp-image-917\" srcset=\"https:\/\/birgitgraschopf.com\/wp-content\/uploads\/2022\/04\/10_SilhouetteIII-3-1024x805.jpeg 1024w, https:\/\/birgitgraschopf.com\/wp-content\/uploads\/2022\/04\/10_SilhouetteIII-3-300x236.jpeg 300w, https:\/\/birgitgraschopf.com\/wp-content\/uploads\/2022\/04\/10_SilhouetteIII-3-768x604.jpeg 768w, https:\/\/birgitgraschopf.com\/wp-content\/uploads\/2022\/04\/10_SilhouetteIII-3-1536x1208.jpeg 1536w, https:\/\/birgitgraschopf.com\/wp-content\/uploads\/2022\/04\/10_SilhouetteIII-3-2048x1610.jpeg 2048w\" sizes=\"(max-width: 1024px) 100vw, 1024px\" \/><\/figure>\n\n\n\n<figure class=\"wp-block-image size-large\"><img loading=\"lazy\" decoding=\"async\" width=\"1024\" height=\"805\" data-id=\"918\" src=\"https:\/\/birgitgraschopf.com\/wp-content\/uploads\/2022\/04\/11_ThereIsAlwaysALittleRain-2-1024x805.jpeg\" alt=\"\" class=\"wp-image-918\" srcset=\"https:\/\/birgitgraschopf.com\/wp-content\/uploads\/2022\/04\/11_ThereIsAlwaysALittleRain-2-1024x805.jpeg 1024w, https:\/\/birgitgraschopf.com\/wp-content\/uploads\/2022\/04\/11_ThereIsAlwaysALittleRain-2-300x236.jpeg 300w, https:\/\/birgitgraschopf.com\/wp-content\/uploads\/2022\/04\/11_ThereIsAlwaysALittleRain-2-768x604.jpeg 768w, https:\/\/birgitgraschopf.com\/wp-content\/uploads\/2022\/04\/11_ThereIsAlwaysALittleRain-2-1536x1208.jpeg 1536w, https:\/\/birgitgraschopf.com\/wp-content\/uploads\/2022\/04\/11_ThereIsAlwaysALittleRain-2-2048x1610.jpeg 2048w\" sizes=\"(max-width: 1024px) 100vw, 1024px\" \/><\/figure>\n<\/figure>\n<\/div><\/div>\n<\/div><\/div>\n<\/div><\/div>\n\n\n\n<p><\/p>\n\n\n\n<h2 class=\"wp-block-heading\">Self <\/h2>\n\n\n\n<p><strong><em>Perforiertes Japan<\/em> <em>I<\/em><\/strong><\/p>\n\n\n\n<p>Japanpapiere wurden mit Nadelstichen so bearbeitet, dass sich dadurch das Bildmotiv herausl\u00f6st. Es ist eine handwerkliche Verbindung mit dem Katagami, einer japanischen Papier- und Holzschnitttechnik.<br>Dabei entsteht eine Verletzung des Papieres durch den Stich, je nach Blickwinkel und Lichteinfall, ist das gestochene Motiv mehr oder weniger oder auch gar nicht sichtbar. Eine Eigendynamik des Bildes, das sich dem Blick des\/r Betrachter*in mitunter zu entziehen scheint.<\/p>\n\n\n<div class=\"n2-section-smartslider fitvidsignore  n2_clear\" data-ssid=\"18\"><div id=\"n2-ss-18-align\" class=\"n2-ss-align\"><div class=\"n2-padding\"><div id=\"n2-ss-18\" data-creator=\"Smart Slider 3\" data-responsive=\"auto\" class=\"n2-ss-slider n2-ow n2-has-hover n2notransition  \">\n        <div class=\"n2-ss-slider-1 n2_ss__touch_element n2-ow\">\n            <div class=\"n2-ss-slider-2 n2-ow\">\n                                                <div class=\"n2-ss-slider-3 n2-ow\">\n\n                    <div class=\"n2-ss-slide-backgrounds n2-ow-all\"><div class=\"n2-ss-slide-background\" data-public-id=\"1\" data-mode=\"fill\"><div class=\"n2-ss-slide-background-image\" data-blur=\"0\" data-opacity=\"100\" data-x=\"50\" data-y=\"50\" data-alt=\"\" data-title=\"\"><picture class=\"skip-lazy\" data-skip-lazy=\"1\"><img decoding=\"async\" src=\"\/\/birgitgraschopf.com\/wp-content\/uploads\/2022\/04\/01_Self-scaled.jpeg\" alt=\"\" title=\"\" loading=\"lazy\" class=\"skip-lazy\" data-skip-lazy=\"1\"><\/picture><\/div><div data-color=\"RGBA(255,255,255,0)\" style=\"background-color: RGBA(255,255,255,0);\" class=\"n2-ss-slide-background-color\"><\/div><\/div><div class=\"n2-ss-slide-background\" data-public-id=\"2\" data-mode=\"fill\" aria-hidden=\"true\"><div class=\"n2-ss-slide-background-image\" data-blur=\"0\" data-opacity=\"100\" data-x=\"50\" data-y=\"50\" data-alt=\"\" data-title=\"\"><picture class=\"skip-lazy\" data-skip-lazy=\"1\"><img decoding=\"async\" src=\"\/\/birgitgraschopf.com\/wp-content\/uploads\/2022\/04\/02_Self-scaled.jpeg\" alt=\"\" title=\"\" loading=\"lazy\" class=\"skip-lazy\" data-skip-lazy=\"1\"><\/picture><\/div><div data-color=\"RGBA(255,255,255,0)\" style=\"background-color: RGBA(255,255,255,0);\" class=\"n2-ss-slide-background-color\"><\/div><\/div><div class=\"n2-ss-slide-background\" data-public-id=\"3\" data-mode=\"fill\" aria-hidden=\"true\"><div class=\"n2-ss-slide-background-image\" data-blur=\"0\" data-opacity=\"100\" data-x=\"50\" data-y=\"50\" data-alt=\"\" data-title=\"\"><picture class=\"skip-lazy\" data-skip-lazy=\"1\"><img decoding=\"async\" src=\"\/\/birgitgraschopf.com\/wp-content\/uploads\/2022\/04\/03_Self-scaled.jpeg\" alt=\"\" title=\"\" loading=\"lazy\" class=\"skip-lazy\" data-skip-lazy=\"1\"><\/picture><\/div><div data-color=\"RGBA(255,255,255,0)\" style=\"background-color: RGBA(255,255,255,0);\" class=\"n2-ss-slide-background-color\"><\/div><\/div><div class=\"n2-ss-slide-background\" data-public-id=\"4\" data-mode=\"fill\" aria-hidden=\"true\"><div class=\"n2-ss-slide-background-image\" data-blur=\"0\" data-opacity=\"100\" data-x=\"50\" data-y=\"50\" data-alt=\"\" data-title=\"\"><picture class=\"skip-lazy\" data-skip-lazy=\"1\"><img decoding=\"async\" src=\"\/\/birgitgraschopf.com\/wp-content\/uploads\/2022\/04\/04_Self-scaled.jpeg\" alt=\"\" title=\"\" loading=\"lazy\" class=\"skip-lazy\" data-skip-lazy=\"1\"><\/picture><\/div><div data-color=\"RGBA(255,255,255,0)\" style=\"background-color: RGBA(255,255,255,0);\" class=\"n2-ss-slide-background-color\"><\/div><\/div><div class=\"n2-ss-slide-background\" data-public-id=\"5\" data-mode=\"fill\" aria-hidden=\"true\"><div class=\"n2-ss-slide-background-image\" data-blur=\"0\" data-opacity=\"100\" data-x=\"50\" data-y=\"50\" data-alt=\"\" data-title=\"\"><picture class=\"skip-lazy\" data-skip-lazy=\"1\"><img decoding=\"async\" src=\"\/\/birgitgraschopf.com\/wp-content\/uploads\/2022\/04\/05_Self-scaled.jpeg\" alt=\"\" title=\"\" loading=\"lazy\" class=\"skip-lazy\" data-skip-lazy=\"1\"><\/picture><\/div><div data-color=\"RGBA(255,255,255,0)\" style=\"background-color: RGBA(255,255,255,0);\" class=\"n2-ss-slide-background-color\"><\/div><\/div><\/div>                    <div class=\"n2-ss-slider-4 n2-ow\">\n                        <svg xmlns=\"http:\/\/www.w3.org\/2000\/svg\" viewBox=\"0 0 800 800\" data-related-device=\"desktopPortrait\" class=\"n2-ow n2-ss-preserve-size n2-ss-preserve-size--slider n2-ss-slide-limiter\"><\/svg><div data-first=\"1\" data-slide-duration=\"0\" data-id=\"189\" data-slide-public-id=\"1\" data-title=\"01_Self\" class=\"n2-ss-slide n2-ow  n2-ss-slide-189\"><div role=\"note\" class=\"n2-ss-slide--focus\" tabindex=\"-1\">01_Self<\/div><div class=\"n2-ss-layers-container n2-ss-slide-limiter n2-ow\"><div class=\"n2-ss-layer n2-ow n-uc-C1hR0BOJpjp8\" data-sstype=\"slide\" data-pm=\"default\"><\/div><\/div><\/div><div data-slide-duration=\"0\" data-id=\"190\" data-slide-public-id=\"2\" aria-hidden=\"true\" data-title=\"02_Self\" class=\"n2-ss-slide n2-ow  n2-ss-slide-190\"><div role=\"note\" class=\"n2-ss-slide--focus\" tabindex=\"-1\">02_Self<\/div><div class=\"n2-ss-layers-container n2-ss-slide-limiter n2-ow\"><div class=\"n2-ss-layer n2-ow n-uc-Gt4mvhak8VI7\" data-sstype=\"slide\" data-pm=\"default\"><\/div><\/div><\/div><div data-slide-duration=\"0\" data-id=\"191\" data-slide-public-id=\"3\" aria-hidden=\"true\" data-title=\"03_Self\" class=\"n2-ss-slide n2-ow  n2-ss-slide-191\"><div role=\"note\" class=\"n2-ss-slide--focus\" tabindex=\"-1\">03_Self<\/div><div class=\"n2-ss-layers-container n2-ss-slide-limiter n2-ow\"><div class=\"n2-ss-layer n2-ow n-uc-agwGJco6Lk28\" data-sstype=\"slide\" data-pm=\"default\"><\/div><\/div><\/div><div data-slide-duration=\"0\" data-id=\"192\" data-slide-public-id=\"4\" aria-hidden=\"true\" data-title=\"04_Self\" class=\"n2-ss-slide n2-ow  n2-ss-slide-192\"><div role=\"note\" class=\"n2-ss-slide--focus\" tabindex=\"-1\">04_Self<\/div><div class=\"n2-ss-layers-container n2-ss-slide-limiter n2-ow\"><div class=\"n2-ss-layer n2-ow n-uc-c00i9uQtH5Lc\" data-sstype=\"slide\" data-pm=\"default\"><\/div><\/div><\/div><div data-slide-duration=\"0\" data-id=\"193\" data-slide-public-id=\"5\" aria-hidden=\"true\" data-title=\"05_Self\" class=\"n2-ss-slide n2-ow  n2-ss-slide-193\"><div role=\"note\" class=\"n2-ss-slide--focus\" tabindex=\"-1\">05_Self<\/div><div class=\"n2-ss-layers-container n2-ss-slide-limiter n2-ow\"><div class=\"n2-ss-layer n2-ow n-uc-J2KqYfXR43jR\" data-sstype=\"slide\" data-pm=\"default\"><\/div><\/div><\/div>                    <\/div>\n\n                                    <\/div>\n            <\/div>\n        <\/div>\n        <\/div><ss3-loader><\/ss3-loader><\/div><\/div><div class=\"n2_clear\"><\/div><\/div>\n\n\n<p><\/p>\n\n\n\n<p>Zeichnungen, Bleistift und Buntstift auf japanischen Papieren, verschiedene Gr\u00f6\u00dfen<\/p>\n\n\n\n<figure class=\"wp-block-image size-large\"><img loading=\"lazy\" decoding=\"async\" width=\"1024\" height=\"372\" src=\"https:\/\/birgitgraschopf.com\/wp-content\/uploads\/2022\/04\/01_SwimmingLessonInJapan-1024x372.jpeg\" alt=\"\" class=\"wp-image-929\" srcset=\"https:\/\/birgitgraschopf.com\/wp-content\/uploads\/2022\/04\/01_SwimmingLessonInJapan-1024x372.jpeg 1024w, https:\/\/birgitgraschopf.com\/wp-content\/uploads\/2022\/04\/01_SwimmingLessonInJapan-300x109.jpeg 300w, https:\/\/birgitgraschopf.com\/wp-content\/uploads\/2022\/04\/01_SwimmingLessonInJapan-768x279.jpeg 768w, https:\/\/birgitgraschopf.com\/wp-content\/uploads\/2022\/04\/01_SwimmingLessonInJapan-1536x558.jpeg 1536w, https:\/\/birgitgraschopf.com\/wp-content\/uploads\/2022\/04\/01_SwimmingLessonInJapan-2048x744.jpeg 2048w\" sizes=\"(max-width: 1024px) 100vw, 1024px\" \/><figcaption>Japanese Swimming Lesson<br><\/figcaption><\/figure>\n\n\n\n<figure class=\"wp-block-image size-large is-resized\"><img loading=\"lazy\" decoding=\"async\" src=\"https:\/\/birgitgraschopf.com\/wp-content\/uploads\/2022\/04\/02_Buschenschank-778x1024.jpeg\" alt=\"\" class=\"wp-image-930\" width=\"580\" height=\"763\" srcset=\"https:\/\/birgitgraschopf.com\/wp-content\/uploads\/2022\/04\/02_Buschenschank-778x1024.jpeg 778w, https:\/\/birgitgraschopf.com\/wp-content\/uploads\/2022\/04\/02_Buschenschank-228x300.jpeg 228w, https:\/\/birgitgraschopf.com\/wp-content\/uploads\/2022\/04\/02_Buschenschank-768x1011.jpeg 768w, https:\/\/birgitgraschopf.com\/wp-content\/uploads\/2022\/04\/02_Buschenschank-1167x1536.jpeg 1167w, https:\/\/birgitgraschopf.com\/wp-content\/uploads\/2022\/04\/02_Buschenschank-1556x2048.jpeg 1556w, https:\/\/birgitgraschopf.com\/wp-content\/uploads\/2022\/04\/02_Buschenschank.jpeg 1795w\" sizes=\"(max-width: 580px) 100vw, 580px\" \/><figcaption>Buschenschank<br><\/figcaption><\/figure>\n\n\n\n<figure class=\"wp-block-image size-large is-resized\"><img loading=\"lazy\" decoding=\"async\" src=\"https:\/\/birgitgraschopf.com\/wp-content\/uploads\/2022\/04\/03_Geisha-703x1024.jpeg\" alt=\"\" class=\"wp-image-931\" width=\"580\" height=\"844\" srcset=\"https:\/\/birgitgraschopf.com\/wp-content\/uploads\/2022\/04\/03_Geisha-703x1024.jpeg 703w, https:\/\/birgitgraschopf.com\/wp-content\/uploads\/2022\/04\/03_Geisha-206x300.jpeg 206w, https:\/\/birgitgraschopf.com\/wp-content\/uploads\/2022\/04\/03_Geisha-768x1118.jpeg 768w, https:\/\/birgitgraschopf.com\/wp-content\/uploads\/2022\/04\/03_Geisha-1055x1536.jpeg 1055w, https:\/\/birgitgraschopf.com\/wp-content\/uploads\/2022\/04\/03_Geisha-1406x2048.jpeg 1406w, https:\/\/birgitgraschopf.com\/wp-content\/uploads\/2022\/04\/03_Geisha.jpeg 1622w\" sizes=\"(max-width: 580px) 100vw, 580px\" \/><figcaption>Geisha<br><\/figcaption><\/figure>\n\n\n\n<figure class=\"wp-block-image size-large\"><img loading=\"lazy\" decoding=\"async\" width=\"1024\" height=\"742\" src=\"https:\/\/birgitgraschopf.com\/wp-content\/uploads\/2022\/04\/04_JapaneseDoozer-1024x742.jpeg\" alt=\"\" class=\"wp-image-932\" srcset=\"https:\/\/birgitgraschopf.com\/wp-content\/uploads\/2022\/04\/04_JapaneseDoozer-1024x742.jpeg 1024w, https:\/\/birgitgraschopf.com\/wp-content\/uploads\/2022\/04\/04_JapaneseDoozer-300x217.jpeg 300w, https:\/\/birgitgraschopf.com\/wp-content\/uploads\/2022\/04\/04_JapaneseDoozer-768x557.jpeg 768w, https:\/\/birgitgraschopf.com\/wp-content\/uploads\/2022\/04\/04_JapaneseDoozer-1536x1113.jpeg 1536w, https:\/\/birgitgraschopf.com\/wp-content\/uploads\/2022\/04\/04_JapaneseDoozer-2048x1484.jpeg 2048w\" sizes=\"(max-width: 1024px) 100vw, 1024px\" \/><figcaption>Japanese Doozer<\/figcaption><\/figure>\n\n\n\n<figure class=\"wp-block-image size-large\"><img loading=\"lazy\" decoding=\"async\" width=\"1024\" height=\"723\" src=\"https:\/\/birgitgraschopf.com\/wp-content\/uploads\/2022\/04\/07_FraumitReis-1024x723.jpg\" alt=\"\" class=\"wp-image-994\" srcset=\"https:\/\/birgitgraschopf.com\/wp-content\/uploads\/2022\/04\/07_FraumitReis-1024x723.jpg 1024w, https:\/\/birgitgraschopf.com\/wp-content\/uploads\/2022\/04\/07_FraumitReis-300x212.jpg 300w, https:\/\/birgitgraschopf.com\/wp-content\/uploads\/2022\/04\/07_FraumitReis-768x542.jpg 768w, https:\/\/birgitgraschopf.com\/wp-content\/uploads\/2022\/04\/07_FraumitReis-1536x1084.jpg 1536w, https:\/\/birgitgraschopf.com\/wp-content\/uploads\/2022\/04\/07_FraumitReis.jpg 1575w\" sizes=\"(max-width: 1024px) 100vw, 1024px\" \/><figcaption>Lunchtime<\/figcaption><\/figure>\n\n\n\n<p><em><strong>Perforiertes Japan II<\/strong><\/em><\/p>\n\n\n\n<p>Das Papier wird zuerst h\u00e4ndisch mit Grafit geschw\u00e4rzt. Die Konturen der Motive werden dann aus dem Bildtr\u00e4ger buchst\u00e4blich herausgearbeitet und erlangen ihre Sichtbarkeit erst durch die \u201eVerletzung\u201c bzw. Wegnahme des Materials, n\u00e4mlich in Form von Nadelstichen.<br>Die reflektierende Oberfl\u00e4che des Grafits unterstreicht den fragilen Charakter der abgebildeten, zarten Ger\u00fcste und angedeutetenden Geb\u00e4ude darunter.<\/p>\n\n\n\n<p>Es erfordert die Interaktion und die k\u00f6rperliche Bewegung der Betrachter*innen, um \u00fcberhaupt sichtbar zu werden.<\/p>\n\n\n\n<figure class=\"wp-block-image size-large is-resized\"><img loading=\"lazy\" decoding=\"async\" src=\"https:\/\/birgitgraschopf.com\/wp-content\/uploads\/2022\/04\/05_SalaryMen-1024x726.jpeg\" alt=\"\" class=\"wp-image-933\" width=\"580\" height=\"411\" srcset=\"https:\/\/birgitgraschopf.com\/wp-content\/uploads\/2022\/04\/05_SalaryMen-1024x726.jpeg 1024w, https:\/\/birgitgraschopf.com\/wp-content\/uploads\/2022\/04\/05_SalaryMen-300x213.jpeg 300w, https:\/\/birgitgraschopf.com\/wp-content\/uploads\/2022\/04\/05_SalaryMen-768x545.jpeg 768w, https:\/\/birgitgraschopf.com\/wp-content\/uploads\/2022\/04\/05_SalaryMen-1536x1089.jpeg 1536w, https:\/\/birgitgraschopf.com\/wp-content\/uploads\/2022\/04\/05_SalaryMen-2048x1452.jpeg 2048w\" sizes=\"(max-width: 580px) 100vw, 580px\" \/><figcaption>Salary Men<br><\/figcaption><\/figure>\n\n\n\n<figure class=\"wp-block-image size-large is-resized\"><img loading=\"lazy\" decoding=\"async\" src=\"https:\/\/birgitgraschopf.com\/wp-content\/uploads\/2022\/04\/06_KobeWalk-1024x683.jpeg\" alt=\"\" class=\"wp-image-934\" width=\"580\" height=\"386\" srcset=\"https:\/\/birgitgraschopf.com\/wp-content\/uploads\/2022\/04\/06_KobeWalk-1024x683.jpeg 1024w, https:\/\/birgitgraschopf.com\/wp-content\/uploads\/2022\/04\/06_KobeWalk-300x200.jpeg 300w, https:\/\/birgitgraschopf.com\/wp-content\/uploads\/2022\/04\/06_KobeWalk-768x512.jpeg 768w, https:\/\/birgitgraschopf.com\/wp-content\/uploads\/2022\/04\/06_KobeWalk-1536x1024.jpeg 1536w, https:\/\/birgitgraschopf.com\/wp-content\/uploads\/2022\/04\/06_KobeWalk-2048x1366.jpeg 2048w\" sizes=\"(max-width: 580px) 100vw, 580px\" \/><figcaption>Kobe Walk<\/figcaption><\/figure>\n","protected":false},"excerpt":{"rendered":"<p>Die Ausl\u00e4nderin 2012 war ich ein halbes Jahr mit den Atelierstipendium des Bundes in Japan.Mit einem selbst gefalteten Papierfaltenrock, der in Bezug zu dem dort&#8230;<\/p>\n<div class=\"more-link-wrapper\"><a class=\"more-link\" href=\"https:\/\/birgitgraschopf.com\/index.php\/gaijin-josei\/\">Continue Reading<span class=\"screen-reader-text\">Gaijin Josei<\/span><\/a><\/div>\n","protected":false},"author":1,"featured_media":0,"parent":0,"menu_order":0,"comment_status":"closed","ping_status":"closed","template":"","meta":{"_uf_show_specific_survey":0,"_uf_disable_surveys":false,"footnotes":""},"class_list":["post-894","page","type-page","status-publish","hentry","entry"],"aioseo_notices":[],"_links":{"self":[{"href":"https:\/\/birgitgraschopf.com\/index.php\/wp-json\/wp\/v2\/pages\/894","targetHints":{"allow":["GET"]}}],"collection":[{"href":"https:\/\/birgitgraschopf.com\/index.php\/wp-json\/wp\/v2\/pages"}],"about":[{"href":"https:\/\/birgitgraschopf.com\/index.php\/wp-json\/wp\/v2\/types\/page"}],"author":[{"embeddable":true,"href":"https:\/\/birgitgraschopf.com\/index.php\/wp-json\/wp\/v2\/users\/1"}],"replies":[{"embeddable":true,"href":"https:\/\/birgitgraschopf.com\/index.php\/wp-json\/wp\/v2\/comments?post=894"}],"version-history":[{"count":21,"href":"https:\/\/birgitgraschopf.com\/index.php\/wp-json\/wp\/v2\/pages\/894\/revisions"}],"predecessor-version":[{"id":1104,"href":"https:\/\/birgitgraschopf.com\/index.php\/wp-json\/wp\/v2\/pages\/894\/revisions\/1104"}],"wp:attachment":[{"href":"https:\/\/birgitgraschopf.com\/index.php\/wp-json\/wp\/v2\/media?parent=894"}],"curies":[{"name":"wp","href":"https:\/\/api.w.org\/{rel}","templated":true}]}}