{"id":856,"date":"2022-03-08T17:35:05","date_gmt":"2022-03-08T17:35:05","guid":{"rendered":"https:\/\/birgitgraschopf.com\/?page_id=856"},"modified":"2022-04-04T16:37:07","modified_gmt":"2022-04-04T16:37:07","slug":"grasrock","status":"publish","type":"page","link":"https:\/\/birgitgraschopf.com\/index.php\/grasrock\/","title":{"rendered":"Grasrock"},"content":{"rendered":"\n<p>Performance im Wiener Stadtpark im April 2000<\/p>\n\n\n\n<figure class=\"wp-block-gallery has-nested-images columns-default is-cropped wp-block-gallery-1 is-layout-flex wp-block-gallery-is-layout-flex\">\n<figure class=\"wp-block-image size-large\"><img fetchpriority=\"high\" decoding=\"async\" width=\"2560\" height=\"1697\" data-id=\"858\" src=\"https:\/\/birgitgraschopf.com\/wp-content\/uploads\/2022\/03\/01_Grasrock-scaled.jpeg\" alt=\"\" class=\"wp-image-858\" srcset=\"https:\/\/birgitgraschopf.com\/wp-content\/uploads\/2022\/03\/01_Grasrock-scaled.jpeg 2560w, https:\/\/birgitgraschopf.com\/wp-content\/uploads\/2022\/03\/01_Grasrock-300x199.jpeg 300w, https:\/\/birgitgraschopf.com\/wp-content\/uploads\/2022\/03\/01_Grasrock-1024x679.jpeg 1024w, https:\/\/birgitgraschopf.com\/wp-content\/uploads\/2022\/03\/01_Grasrock-768x509.jpeg 768w, https:\/\/birgitgraschopf.com\/wp-content\/uploads\/2022\/03\/01_Grasrock-1536x1018.jpeg 1536w, https:\/\/birgitgraschopf.com\/wp-content\/uploads\/2022\/03\/01_Grasrock-2048x1358.jpeg 2048w\" sizes=\"(max-width: 2560px) 100vw, 2560px\" \/><\/figure>\n\n\n\n<figure class=\"wp-block-image size-large\"><img decoding=\"async\" width=\"2560\" height=\"1697\" data-id=\"859\" src=\"https:\/\/birgitgraschopf.com\/wp-content\/uploads\/2022\/03\/02_Grasrock-scaled.jpeg\" alt=\"\" class=\"wp-image-859\" srcset=\"https:\/\/birgitgraschopf.com\/wp-content\/uploads\/2022\/03\/02_Grasrock-scaled.jpeg 2560w, https:\/\/birgitgraschopf.com\/wp-content\/uploads\/2022\/03\/02_Grasrock-300x199.jpeg 300w, https:\/\/birgitgraschopf.com\/wp-content\/uploads\/2022\/03\/02_Grasrock-1024x679.jpeg 1024w, https:\/\/birgitgraschopf.com\/wp-content\/uploads\/2022\/03\/02_Grasrock-768x509.jpeg 768w, https:\/\/birgitgraschopf.com\/wp-content\/uploads\/2022\/03\/02_Grasrock-1536x1018.jpeg 1536w, https:\/\/birgitgraschopf.com\/wp-content\/uploads\/2022\/03\/02_Grasrock-2048x1358.jpeg 2048w\" sizes=\"(max-width: 2560px) 100vw, 2560px\" \/><\/figure>\n\n\n\n<figure class=\"wp-block-image size-large\"><img decoding=\"async\" width=\"2560\" height=\"1697\" data-id=\"861\" src=\"https:\/\/birgitgraschopf.com\/wp-content\/uploads\/2022\/03\/03_Grasrock-scaled.jpeg\" alt=\"\" class=\"wp-image-861\" srcset=\"https:\/\/birgitgraschopf.com\/wp-content\/uploads\/2022\/03\/03_Grasrock-scaled.jpeg 2560w, https:\/\/birgitgraschopf.com\/wp-content\/uploads\/2022\/03\/03_Grasrock-300x199.jpeg 300w, https:\/\/birgitgraschopf.com\/wp-content\/uploads\/2022\/03\/03_Grasrock-1024x679.jpeg 1024w, https:\/\/birgitgraschopf.com\/wp-content\/uploads\/2022\/03\/03_Grasrock-768x509.jpeg 768w, https:\/\/birgitgraschopf.com\/wp-content\/uploads\/2022\/03\/03_Grasrock-1536x1018.jpeg 1536w, https:\/\/birgitgraschopf.com\/wp-content\/uploads\/2022\/03\/03_Grasrock-2048x1358.jpeg 2048w\" sizes=\"(max-width: 2560px) 100vw, 2560px\" \/><\/figure>\n\n\n\n<figure class=\"wp-block-image size-large\"><img loading=\"lazy\" decoding=\"async\" width=\"1698\" height=\"2560\" data-id=\"862\" src=\"https:\/\/birgitgraschopf.com\/wp-content\/uploads\/2022\/03\/04_Grasrock-scaled.jpeg\" alt=\"\" class=\"wp-image-862\" srcset=\"https:\/\/birgitgraschopf.com\/wp-content\/uploads\/2022\/03\/04_Grasrock-scaled.jpeg 1698w, https:\/\/birgitgraschopf.com\/wp-content\/uploads\/2022\/03\/04_Grasrock-199x300.jpeg 199w, https:\/\/birgitgraschopf.com\/wp-content\/uploads\/2022\/03\/04_Grasrock-679x1024.jpeg 679w, https:\/\/birgitgraschopf.com\/wp-content\/uploads\/2022\/03\/04_Grasrock-768x1158.jpeg 768w, https:\/\/birgitgraschopf.com\/wp-content\/uploads\/2022\/03\/04_Grasrock-1019x1536.jpeg 1019w, https:\/\/birgitgraschopf.com\/wp-content\/uploads\/2022\/03\/04_Grasrock-1358x2048.jpeg 1358w\" sizes=\"(max-width: 1698px) 100vw, 1698px\" \/><\/figure>\n\n\n\n<figure class=\"wp-block-image size-large\"><img loading=\"lazy\" decoding=\"async\" width=\"1697\" height=\"2560\" data-id=\"863\" src=\"https:\/\/birgitgraschopf.com\/wp-content\/uploads\/2022\/03\/05_Grasrock-scaled.jpeg\" alt=\"\" class=\"wp-image-863\" srcset=\"https:\/\/birgitgraschopf.com\/wp-content\/uploads\/2022\/03\/05_Grasrock-scaled.jpeg 1697w, https:\/\/birgitgraschopf.com\/wp-content\/uploads\/2022\/03\/05_Grasrock-199x300.jpeg 199w, https:\/\/birgitgraschopf.com\/wp-content\/uploads\/2022\/03\/05_Grasrock-679x1024.jpeg 679w, https:\/\/birgitgraschopf.com\/wp-content\/uploads\/2022\/03\/05_Grasrock-768x1159.jpeg 768w, https:\/\/birgitgraschopf.com\/wp-content\/uploads\/2022\/03\/05_Grasrock-1018x1536.jpeg 1018w, https:\/\/birgitgraschopf.com\/wp-content\/uploads\/2022\/03\/05_Grasrock-1358x2048.jpeg 1358w\" sizes=\"(max-width: 1697px) 100vw, 1697px\" \/><\/figure>\n\n\n\n<figure class=\"wp-block-image size-large\"><img loading=\"lazy\" decoding=\"async\" width=\"2560\" height=\"1697\" data-id=\"864\" src=\"https:\/\/birgitgraschopf.com\/wp-content\/uploads\/2022\/03\/06_Grasrock-scaled.jpeg\" alt=\"\" class=\"wp-image-864\" srcset=\"https:\/\/birgitgraschopf.com\/wp-content\/uploads\/2022\/03\/06_Grasrock-scaled.jpeg 2560w, https:\/\/birgitgraschopf.com\/wp-content\/uploads\/2022\/03\/06_Grasrock-300x199.jpeg 300w, https:\/\/birgitgraschopf.com\/wp-content\/uploads\/2022\/03\/06_Grasrock-1024x679.jpeg 1024w, https:\/\/birgitgraschopf.com\/wp-content\/uploads\/2022\/03\/06_Grasrock-768x509.jpeg 768w, https:\/\/birgitgraschopf.com\/wp-content\/uploads\/2022\/03\/06_Grasrock-1536x1018.jpeg 1536w, https:\/\/birgitgraschopf.com\/wp-content\/uploads\/2022\/03\/06_Grasrock-2048x1358.jpeg 2048w\" sizes=\"(max-width: 2560px) 100vw, 2560px\" \/><\/figure>\n\n\n\n<figure class=\"wp-block-image size-large\"><img loading=\"lazy\" decoding=\"async\" width=\"2560\" height=\"1697\" data-id=\"865\" src=\"https:\/\/birgitgraschopf.com\/wp-content\/uploads\/2022\/03\/07_Grasrock-scaled.jpeg\" alt=\"\" class=\"wp-image-865\" srcset=\"https:\/\/birgitgraschopf.com\/wp-content\/uploads\/2022\/03\/07_Grasrock-scaled.jpeg 2560w, https:\/\/birgitgraschopf.com\/wp-content\/uploads\/2022\/03\/07_Grasrock-300x199.jpeg 300w, https:\/\/birgitgraschopf.com\/wp-content\/uploads\/2022\/03\/07_Grasrock-1024x679.jpeg 1024w, https:\/\/birgitgraschopf.com\/wp-content\/uploads\/2022\/03\/07_Grasrock-768x509.jpeg 768w, https:\/\/birgitgraschopf.com\/wp-content\/uploads\/2022\/03\/07_Grasrock-1536x1018.jpeg 1536w, https:\/\/birgitgraschopf.com\/wp-content\/uploads\/2022\/03\/07_Grasrock-2048x1358.jpeg 2048w\" sizes=\"(max-width: 2560px) 100vw, 2560px\" \/><\/figure>\n<\/figure>\n\n\n\n<p>Im April 2000 ging ich mit einem aus Kresse und Gras gewachsenen Rock bekleidet in den Wiener Stadtpark. Ausger\u00fcstet mit unterschiedlichen Schneidewerkzeugen (Schere, Heckenschere, Pinzette, Messer) bat ich die Passanten, vom Rock zu schneiden und zu der geernteten Kresse bot ich Butterbrote an. Der Rock ist ein Inbegriff der Weiblichkeit, seine \u00fcppige Form und die Betonung der Taille sind sexuell aufgeladene, die Fruchtbarkeit betonende Merkmale und sie sind m\u00e4chtige weibliche Zuschreibungen. Mit dem Akt des Schneidens seitens der Passantin und des Passanten wird ein karikierender Blick auf ein bis heute hinterfragenswertes Fraubild geworfen, welches die Frau als das Objekt einordnet. Von der traditionellen Kunstgeschichte ausgehend, reicht mannigfaltig in alle Sparten hinein, die passive, zum Anschauen reduzierte Frau, die mit patriachalen Gesten st\u00e4ndig geformt und umgeformt wird. Die wilde, unbez\u00e4hmbare Natur, die ebenso geformt und geb\u00e4ndigt wird, als Ausdruck von Macht und Beherrschbarkeit, steht mit dem Weiblichkeitsbegriff in der abendl\u00e4ndischen Kultur in direkten Zusammenhang, dessen Auslotung ist bis heute ein wiederkehrendes Thema meiner Arbeit. Der Rock taucht seitdem in vielf\u00e4ltiger Weise auf. Indem ich die Passant*innen bitte von meinem Grasrock zu schneiden, wird sprichw\u00f6rtlich &#8222;Hand an mich gelegt&#8220;, ebenso wird von mir die Kresse geerntet. Es entsteht ein Wechselspiel von Subjekt und Objekt, durch mein aktives Einfordern des Schneidens bin ich nicht nur Objekt und die Passant*innen sind nicht l\u00e4nger Zuschauer*innen, sondern Akteur*innen. Die Ernte der Kresse bringt die Rolle der &#8222;n\u00e4hrenden Mutter&#8220; und die weibliche F\u00fcrsorge mit ins Geschehen. Das Setting ist der Wiener Stadtpark, der mit vielen geschnittenen B\u00e4umen und Hecken, ein gro\u00dfz\u00fcgiges Equivalent zu dieser Performance abgibt.<\/p>\n","protected":false},"excerpt":{"rendered":"<p>Performance im Wiener Stadtpark im April 2000 Im April 2000 ging ich mit einem aus Kresse und Gras gewachsenen Rock bekleidet in den Wiener Stadtpark.&#8230;<\/p>\n<div class=\"more-link-wrapper\"><a class=\"more-link\" href=\"https:\/\/birgitgraschopf.com\/index.php\/grasrock\/\">Continue Reading<span class=\"screen-reader-text\">Grasrock<\/span><\/a><\/div>\n","protected":false},"author":1,"featured_media":0,"parent":0,"menu_order":0,"comment_status":"closed","ping_status":"closed","template":"","meta":{"_uf_show_specific_survey":0,"_uf_disable_surveys":false,"footnotes":""},"class_list":["post-856","page","type-page","status-publish","hentry","entry"],"aioseo_notices":[],"_links":{"self":[{"href":"https:\/\/birgitgraschopf.com\/index.php\/wp-json\/wp\/v2\/pages\/856","targetHints":{"allow":["GET"]}}],"collection":[{"href":"https:\/\/birgitgraschopf.com\/index.php\/wp-json\/wp\/v2\/pages"}],"about":[{"href":"https:\/\/birgitgraschopf.com\/index.php\/wp-json\/wp\/v2\/types\/page"}],"author":[{"embeddable":true,"href":"https:\/\/birgitgraschopf.com\/index.php\/wp-json\/wp\/v2\/users\/1"}],"replies":[{"embeddable":true,"href":"https:\/\/birgitgraschopf.com\/index.php\/wp-json\/wp\/v2\/comments?post=856"}],"version-history":[{"count":7,"href":"https:\/\/birgitgraschopf.com\/index.php\/wp-json\/wp\/v2\/pages\/856\/revisions"}],"predecessor-version":[{"id":888,"href":"https:\/\/birgitgraschopf.com\/index.php\/wp-json\/wp\/v2\/pages\/856\/revisions\/888"}],"wp:attachment":[{"href":"https:\/\/birgitgraschopf.com\/index.php\/wp-json\/wp\/v2\/media?parent=856"}],"curies":[{"name":"wp","href":"https:\/\/api.w.org\/{rel}","templated":true}]}}