{"id":801,"date":"2022-02-17T08:10:36","date_gmt":"2022-02-17T08:10:36","guid":{"rendered":"https:\/\/birgitgraschopf.com\/?page_id=801"},"modified":"2022-02-17T10:11:47","modified_gmt":"2022-02-17T10:11:47","slug":"shifting","status":"publish","type":"page","link":"https:\/\/birgitgraschopf.com\/index.php\/shifting\/","title":{"rendered":"Shifting"},"content":{"rendered":"<div class=\"n2_clear\"><ss3-force-full-width data-overflow-x=\"body\" data-horizontal-selector=\"body\"><div class=\"n2-section-smartslider fitvidsignore  n2_clear\" data-ssid=\"15\"><div id=\"n2-ss-15-align\" class=\"n2-ss-align\"><div class=\"n2-padding\"><div id=\"n2-ss-15\" data-creator=\"Smart Slider 3\" data-responsive=\"fullwidth\" class=\"n2-ss-slider n2-ow n2-has-hover n2notransition  \">\n        <div class=\"n2-ss-slider-1 n2_ss__touch_element n2-ow\">\n            <div class=\"n2-ss-slider-2 n2-ow\">\n                                                <div class=\"n2-ss-slider-3 n2-ow\">\n\n                    <div class=\"n2-ss-slide-backgrounds n2-ow-all\"><div class=\"n2-ss-slide-background\" data-public-id=\"1\" data-mode=\"fill\"><div class=\"n2-ss-slide-background-image\" data-blur=\"0\" data-opacity=\"100\" data-x=\"50\" data-y=\"50\" data-alt=\"\" data-title=\"\"><picture class=\"skip-lazy\" data-skip-lazy=\"1\"><img decoding=\"async\" src=\"\/\/birgitgraschopf.com\/wp-content\/uploads\/2022\/02\/01_Shifting-scaled.jpeg\" alt=\"\" title=\"\" loading=\"lazy\" class=\"skip-lazy\" data-skip-lazy=\"1\"><\/picture><\/div><div data-color=\"RGBA(255,255,255,0)\" style=\"background-color: RGBA(255,255,255,0);\" class=\"n2-ss-slide-background-color\"><\/div><\/div><\/div>                    <div class=\"n2-ss-slider-4 n2-ow\">\n                        <svg xmlns=\"http:\/\/www.w3.org\/2000\/svg\" viewBox=\"0 0 1200 800\" data-related-device=\"desktopPortrait\" class=\"n2-ow n2-ss-preserve-size n2-ss-preserve-size--slider n2-ss-slide-limiter\"><\/svg><div data-first=\"1\" data-slide-duration=\"0\" data-id=\"173\" data-slide-public-id=\"1\" data-title=\"01_Shifting\" class=\"n2-ss-slide n2-ow  n2-ss-slide-173\"><div role=\"note\" class=\"n2-ss-slide--focus\" tabindex=\"-1\">01_Shifting<\/div><div class=\"n2-ss-layers-container n2-ss-slide-limiter n2-ow\"><div class=\"n2-ss-layer n2-ow n-uc-yNFHdOqB4m3A\" data-sstype=\"slide\" data-pm=\"default\"><\/div><\/div><\/div>                    <\/div>\n\n                                    <\/div>\n            <\/div>\n        <\/div>\n        <\/div><ss3-loader><\/ss3-loader><\/div><\/div><div class=\"n2_clear\"><\/div><\/div><\/ss3-force-full-width><\/div>\n\n\n<p>Wandbelichtung in der Galerie Ostlicht<\/p>\n\n\n\n<p>2.40 m x 6.10 m, 2013<\/p>\n\n\n\n<p>im Rahmen der Gruppenausstellung \u201eINDUSTRIE\u201c<\/p>\n\n\n\n<p><\/p>\n\n\n\n<p>In der f\u00fcr diese Ausstellung entwickelten Fotoinstallation bezieht sich Birgit Graschopf auf den Standort der Galerie am Gel\u00e4nde der ehemaligen Ankerbrotfabrik. Angesiedelt in Favoriten, ist ein Teil der einst gr\u00f6\u00dften Brotfabrik Europas nach wie vor in Betrieb und bis heute wichtiger Arbeitgeber in dem traditionellen Arbeiterbezirk.<\/p>\n\n\n\n<p>Die K\u00fcnstlerin arbeitete mit einigen Besch\u00e4ftigten der Ankerbrotfabrik zusammen. Sie beobachtete sie bei ihren T\u00e4tigkeiten und fotografierte sie anschlie\u00dfend au\u00dferhalb ihres Arbeitsumfelds. Dabei demonstrierten sie jene K\u00f6rper- und insbesondere Handbewegungen, die sie tagt\u00e4glich in ihrer Arbeit ausf\u00fchren, nur losgel\u00f6st von Produkt, Maschine oder Flie\u00dfband. Es sind Vorg\u00e4nge wie Mehl einf\u00fcllen und kehren, Teig kneten und formen, Geb\u00e4ck aus dem Ofen holen oder K\u00f6rbe heben. Birgit Graschopf belichtete Fotos der ArbeiterInnen direkt an die Wand der Galerie. Der Raum selbst wird zum Bildtr\u00e4ger. Durch Mehrfachbelichtungen wird der Bewegungsablauf sichtbar, dem die K\u00f6rper der ArbeiterInnen unterworfen sind. Produktion wird durch einzelne Hand- und K\u00f6rperbewegungen visualisiert, die in Summe die Bewegungsabl\u00e4ufe der menschlichen Arbeit definieren.&nbsp;<\/p>\n\n\n\n<p>Um \u201eSchichten\u201c, so der Titel der Wandbelichtung in der Galerie Ostlicht, geht es in mehrfacher Hinsicht. Zum einen wurde die fotografische Emulsion als Schicht auf die Wand aufgetragen. Zum anderen werden durch die Mehrfachbelichtungen die Bewegungsabl\u00e4ufe der ArbeiterInnen in mehreren Ebenen sichtbar sowie sowie in Schichten perspektivisch gestaffelt, wodurch der Eindruck einer Erweiterung des Raumes entsteht. F\u00fcr den Betrachter ergibt sich ein visuelles Kontinuum zu den ArbeiterInnen, die einst in eben jenen R\u00e4umlichkeiten Backwaren herstellten. Sie k\u00f6nnen prototypisch f\u00fcr jene M\u00e4nner und Frauen stehen, die sich in der ersten H\u00e4lfte des 20. Jahrhundert zu einer starken Arbeiterbewegung formierten und durch zahlreiche Streiks und Proteste entscheidende Verbesserungen der Arbeitsbedingungen erreichten. Nicht zuletzt ist der Titel ein Verweis auf die in der Industrie \u00fcbliche Arbeitsform der Schichtarbeit.&nbsp;<\/p>\n","protected":false},"excerpt":{"rendered":"<p>Wandbelichtung in der Galerie Ostlicht 2.40 m x 6.10 m, 2013 im Rahmen der Gruppenausstellung \u201eINDUSTRIE\u201c In der f\u00fcr diese Ausstellung entwickelten Fotoinstallation bezieht sich&#8230;<\/p>\n<div class=\"more-link-wrapper\"><a class=\"more-link\" href=\"https:\/\/birgitgraschopf.com\/index.php\/shifting\/\">Continue Reading<span class=\"screen-reader-text\">Shifting<\/span><\/a><\/div>\n","protected":false},"author":1,"featured_media":0,"parent":0,"menu_order":0,"comment_status":"closed","ping_status":"closed","template":"","meta":{"_uf_show_specific_survey":0,"_uf_disable_surveys":false,"footnotes":""},"class_list":["post-801","page","type-page","status-publish","hentry","entry"],"aioseo_notices":[],"_links":{"self":[{"href":"https:\/\/birgitgraschopf.com\/index.php\/wp-json\/wp\/v2\/pages\/801","targetHints":{"allow":["GET"]}}],"collection":[{"href":"https:\/\/birgitgraschopf.com\/index.php\/wp-json\/wp\/v2\/pages"}],"about":[{"href":"https:\/\/birgitgraschopf.com\/index.php\/wp-json\/wp\/v2\/types\/page"}],"author":[{"embeddable":true,"href":"https:\/\/birgitgraschopf.com\/index.php\/wp-json\/wp\/v2\/users\/1"}],"replies":[{"embeddable":true,"href":"https:\/\/birgitgraschopf.com\/index.php\/wp-json\/wp\/v2\/comments?post=801"}],"version-history":[{"count":5,"href":"https:\/\/birgitgraschopf.com\/index.php\/wp-json\/wp\/v2\/pages\/801\/revisions"}],"predecessor-version":[{"id":825,"href":"https:\/\/birgitgraschopf.com\/index.php\/wp-json\/wp\/v2\/pages\/801\/revisions\/825"}],"wp:attachment":[{"href":"https:\/\/birgitgraschopf.com\/index.php\/wp-json\/wp\/v2\/media?parent=801"}],"curies":[{"name":"wp","href":"https:\/\/api.w.org\/{rel}","templated":true}]}}