{"id":799,"date":"2022-02-17T08:10:08","date_gmt":"2022-02-17T08:10:08","guid":{"rendered":"https:\/\/birgitgraschopf.com\/?page_id=799"},"modified":"2022-02-17T10:06:33","modified_gmt":"2022-02-17T10:06:33","slug":"glance","status":"publish","type":"page","link":"https:\/\/birgitgraschopf.com\/index.php\/glance\/","title":{"rendered":"Glance"},"content":{"rendered":"\n<p><\/p>\n\n\n\n<figure class=\"wp-block-image size-large\"><img fetchpriority=\"high\" decoding=\"async\" width=\"1024\" height=\"470\" src=\"https:\/\/birgitgraschopf.com\/wp-content\/uploads\/2022\/02\/Panorama-1-1024x470.jpeg\" alt=\"\" class=\"wp-image-814\" srcset=\"https:\/\/birgitgraschopf.com\/wp-content\/uploads\/2022\/02\/Panorama-1-1024x470.jpeg 1024w, https:\/\/birgitgraschopf.com\/wp-content\/uploads\/2022\/02\/Panorama-1-300x138.jpeg 300w, https:\/\/birgitgraschopf.com\/wp-content\/uploads\/2022\/02\/Panorama-1-768x353.jpeg 768w, https:\/\/birgitgraschopf.com\/wp-content\/uploads\/2022\/02\/Panorama-1-1536x705.jpeg 1536w, https:\/\/birgitgraschopf.com\/wp-content\/uploads\/2022\/02\/Panorama-1-2048x940.jpeg 2048w\" sizes=\"(max-width: 1024px) 100vw, 1024px\" \/><\/figure>\n\n\n\n<p>Zum 190. Jubil\u00e4um des Hauses W\u00e4hringer Strasse 20<br><\/p>\n\n\n\n<h2 class=\"wp-block-heading\" id=\"glance-im-besten-licht\"><em>Glance \/ Im besten Licht<\/em><\/h2>\n\n\n\n<p>Mit dem Ziel, die Vergangenheit zu reflektieren und mit der Gegenwart zu verbinden, hat Birgit Graschopf (*1978) im Jahr 2017 ein aus vier Teilen bestehendes Kunstwerk geschaffen. Bei diesen jeweils 110 cm x 240 cm grossen \u00abBelichtungen\u00bb handelt es sich um S\/W-Fotografien, die als Bildtr\u00e4ger die Wand beziehungsweise den Raum selbst nutzen. Dadurch verschmelzen Kunstwerk und Eingangshalle f\u00f6rmlich zu einer Einheit. Kleinformatige Fotografien und Autogrammkarten aus der ersten H\u00e4lfte des 20. Jahrhunderts bilden das Ausgangsmaterial f\u00fcr die nun \u00fcberlebensgrossen Figuren, die in den vier Seitennischen den Besucher zu empfangen scheinen. Diese sind Carl Pfann, die Schwestern Dorothea und Hildegard Edle von Pollak, die Br\u00fcder Otto und Eduard Edle von Pollak und Maria von Guggenberg-Barska. Die Gegen\u00fcberstellung dieser sechs Personen unterstreicht nicht nur ihre individuelle Ausstrahlungskraft, sondern weist auch auf ihre tiefe Verbundenheit mit der Stadt Wien hin.<\/p>\n\n\n\n<figure class=\"wp-block-gallery has-nested-images columns-default is-cropped wp-block-gallery-1 is-layout-flex wp-block-gallery-is-layout-flex\">\n<figure class=\"wp-block-image size-large\"><img decoding=\"async\" width=\"1728\" height=\"2560\" data-id=\"803\" src=\"https:\/\/birgitgraschopf.com\/wp-content\/uploads\/2022\/02\/01_Slide-scaled.jpeg\" alt=\"\" class=\"wp-image-803\" srcset=\"https:\/\/birgitgraschopf.com\/wp-content\/uploads\/2022\/02\/01_Slide-scaled.jpeg 1728w, https:\/\/birgitgraschopf.com\/wp-content\/uploads\/2022\/02\/01_Slide-203x300.jpeg 203w, https:\/\/birgitgraschopf.com\/wp-content\/uploads\/2022\/02\/01_Slide-691x1024.jpeg 691w, https:\/\/birgitgraschopf.com\/wp-content\/uploads\/2022\/02\/01_Slide-768x1138.jpeg 768w, https:\/\/birgitgraschopf.com\/wp-content\/uploads\/2022\/02\/01_Slide-1037x1536.jpeg 1037w, https:\/\/birgitgraschopf.com\/wp-content\/uploads\/2022\/02\/01_Slide-1383x2048.jpeg 1383w\" sizes=\"(max-width: 1728px) 100vw, 1728px\" \/><\/figure>\n\n\n\n<figure class=\"wp-block-image size-large\"><img decoding=\"async\" width=\"1728\" height=\"2560\" data-id=\"804\" src=\"https:\/\/birgitgraschopf.com\/wp-content\/uploads\/2022\/02\/02_Slide-scaled.jpeg\" alt=\"\" class=\"wp-image-804\" srcset=\"https:\/\/birgitgraschopf.com\/wp-content\/uploads\/2022\/02\/02_Slide-scaled.jpeg 1728w, https:\/\/birgitgraschopf.com\/wp-content\/uploads\/2022\/02\/02_Slide-203x300.jpeg 203w, https:\/\/birgitgraschopf.com\/wp-content\/uploads\/2022\/02\/02_Slide-691x1024.jpeg 691w, https:\/\/birgitgraschopf.com\/wp-content\/uploads\/2022\/02\/02_Slide-768x1138.jpeg 768w, https:\/\/birgitgraschopf.com\/wp-content\/uploads\/2022\/02\/02_Slide-1037x1536.jpeg 1037w, https:\/\/birgitgraschopf.com\/wp-content\/uploads\/2022\/02\/02_Slide-1383x2048.jpeg 1383w\" sizes=\"(max-width: 1728px) 100vw, 1728px\" \/><\/figure>\n<\/figure>\n\n\n\n<figure class=\"wp-block-gallery has-nested-images columns-default is-cropped wp-block-gallery-2 is-layout-flex wp-block-gallery-is-layout-flex\">\n<figure class=\"wp-block-image size-large\"><img loading=\"lazy\" decoding=\"async\" width=\"1728\" height=\"2560\" data-id=\"805\" src=\"https:\/\/birgitgraschopf.com\/wp-content\/uploads\/2022\/02\/03_Slide-scaled.jpeg\" alt=\"\" class=\"wp-image-805\" srcset=\"https:\/\/birgitgraschopf.com\/wp-content\/uploads\/2022\/02\/03_Slide-scaled.jpeg 1728w, https:\/\/birgitgraschopf.com\/wp-content\/uploads\/2022\/02\/03_Slide-203x300.jpeg 203w, https:\/\/birgitgraschopf.com\/wp-content\/uploads\/2022\/02\/03_Slide-691x1024.jpeg 691w, https:\/\/birgitgraschopf.com\/wp-content\/uploads\/2022\/02\/03_Slide-768x1138.jpeg 768w, https:\/\/birgitgraschopf.com\/wp-content\/uploads\/2022\/02\/03_Slide-1037x1536.jpeg 1037w, https:\/\/birgitgraschopf.com\/wp-content\/uploads\/2022\/02\/03_Slide-1383x2048.jpeg 1383w\" sizes=\"(max-width: 1728px) 100vw, 1728px\" \/><\/figure>\n\n\n\n<figure class=\"wp-block-image size-large\"><img loading=\"lazy\" decoding=\"async\" width=\"1728\" height=\"2560\" data-id=\"806\" src=\"https:\/\/birgitgraschopf.com\/wp-content\/uploads\/2022\/02\/04_Slide-scaled.jpeg\" alt=\"\" class=\"wp-image-806\" srcset=\"https:\/\/birgitgraschopf.com\/wp-content\/uploads\/2022\/02\/04_Slide-scaled.jpeg 1728w, https:\/\/birgitgraschopf.com\/wp-content\/uploads\/2022\/02\/04_Slide-203x300.jpeg 203w, https:\/\/birgitgraschopf.com\/wp-content\/uploads\/2022\/02\/04_Slide-691x1024.jpeg 691w, https:\/\/birgitgraschopf.com\/wp-content\/uploads\/2022\/02\/04_Slide-768x1138.jpeg 768w, https:\/\/birgitgraschopf.com\/wp-content\/uploads\/2022\/02\/04_Slide-1037x1536.jpeg 1037w, https:\/\/birgitgraschopf.com\/wp-content\/uploads\/2022\/02\/04_Slide-1383x2048.jpeg 1383w\" sizes=\"(max-width: 1728px) 100vw, 1728px\" \/><\/figure>\n<\/figure>\n","protected":false},"excerpt":{"rendered":"<p>Zum 190. Jubil\u00e4um des Hauses W\u00e4hringer Strasse 20 Glance \/ Im besten Licht Mit dem Ziel, die Vergangenheit zu reflektieren und mit der Gegenwart zu&#8230;<\/p>\n<div class=\"more-link-wrapper\"><a class=\"more-link\" href=\"https:\/\/birgitgraschopf.com\/index.php\/glance\/\">Continue Reading<span class=\"screen-reader-text\">Glance<\/span><\/a><\/div>\n","protected":false},"author":1,"featured_media":0,"parent":0,"menu_order":0,"comment_status":"closed","ping_status":"closed","template":"","meta":{"_uf_show_specific_survey":0,"_uf_disable_surveys":false,"footnotes":""},"class_list":["post-799","page","type-page","status-publish","hentry","entry"],"aioseo_notices":[],"_links":{"self":[{"href":"https:\/\/birgitgraschopf.com\/index.php\/wp-json\/wp\/v2\/pages\/799","targetHints":{"allow":["GET"]}}],"collection":[{"href":"https:\/\/birgitgraschopf.com\/index.php\/wp-json\/wp\/v2\/pages"}],"about":[{"href":"https:\/\/birgitgraschopf.com\/index.php\/wp-json\/wp\/v2\/types\/page"}],"author":[{"embeddable":true,"href":"https:\/\/birgitgraschopf.com\/index.php\/wp-json\/wp\/v2\/users\/1"}],"replies":[{"embeddable":true,"href":"https:\/\/birgitgraschopf.com\/index.php\/wp-json\/wp\/v2\/comments?post=799"}],"version-history":[{"count":5,"href":"https:\/\/birgitgraschopf.com\/index.php\/wp-json\/wp\/v2\/pages\/799\/revisions"}],"predecessor-version":[{"id":822,"href":"https:\/\/birgitgraschopf.com\/index.php\/wp-json\/wp\/v2\/pages\/799\/revisions\/822"}],"wp:attachment":[{"href":"https:\/\/birgitgraschopf.com\/index.php\/wp-json\/wp\/v2\/media?parent=799"}],"curies":[{"name":"wp","href":"https:\/\/api.w.org\/{rel}","templated":true}]}}