{"id":792,"date":"2022-02-13T16:05:04","date_gmt":"2022-02-13T16:05:04","guid":{"rendered":"https:\/\/birgitgraschopf.com\/?page_id=792"},"modified":"2022-02-13T16:06:23","modified_gmt":"2022-02-13T16:06:23","slug":"fotoperformance-museum-der-moderne","status":"publish","type":"page","link":"https:\/\/birgitgraschopf.com\/index.php\/fotoperformance-museum-der-moderne\/","title":{"rendered":"Fotoperformance Museum der Moderne"},"content":{"rendered":"\n<p><\/p>\n\n\n\n<figure class=\"wp-block-image size-full\"><img fetchpriority=\"high\" decoding=\"async\" width=\"780\" height=\"520\" src=\"https:\/\/birgitgraschopf.com\/wp-content\/uploads\/2022\/02\/FotoperformanceSalzburg.gif\" alt=\"\" class=\"wp-image-793\"\/><\/figure>\n\n\n\n<p>Fotoemulsion auf Sperrholz, 2.77 m x 2.40 m<\/p>\n\n\n\n<p>entstanden am 7. Februar 2018 bis heute<\/p>\n\n\n\n<p>Im Rahmen der Ausstellung \u201eRaum und Fotografie\u201c hat Birgit Graschopf die Wandplatte im Auditorium belichtet und performativ vor Publikum entwickelt.&nbsp;<\/p>\n\n\n\n<p>Das entstandene Bild zeigt einen zentralperspektivischen Blick von innen nach au\u00dfen. Aufgenommen im Museum selbst, setzt sich die Arbeit mit den R\u00e4umen und Blickachsen der stringent klaren, ornamentlosen Architektur des Baus mit hohen verglasten Treppensch\u00e4chten und Betonw\u00e4nden auseinander und offenbart ein imaginiertes Aufbrechen der belichteten Wand aufgrund der fotografischen Blickperspektive.<\/p>\n\n\n\n<p>Daf\u00fcr wurde das&nbsp; Auditorium kurzfristig zu einer Dunkelkammer umgebaut, die Besucher_innen betraten diese bei Rotlicht. Der Entwicklungsprozess mit fotografischer Chemie lie\u00df die noch leere Fl\u00e4che sukzessive und minutenschnell zu einem Bild werden.<\/p>\n\n\n\n<figure class=\"wp-block-image size-large\"><img decoding=\"async\" width=\"1024\" height=\"683\" src=\"https:\/\/birgitgraschopf.com\/wp-content\/uploads\/2022\/02\/01_Fotoperformance-1024x683.jpeg\" alt=\"\" class=\"wp-image-794\" srcset=\"https:\/\/birgitgraschopf.com\/wp-content\/uploads\/2022\/02\/01_Fotoperformance-1024x683.jpeg 1024w, https:\/\/birgitgraschopf.com\/wp-content\/uploads\/2022\/02\/01_Fotoperformance-300x200.jpeg 300w, https:\/\/birgitgraschopf.com\/wp-content\/uploads\/2022\/02\/01_Fotoperformance-768x512.jpeg 768w, https:\/\/birgitgraschopf.com\/wp-content\/uploads\/2022\/02\/01_Fotoperformance-1536x1024.jpeg 1536w, https:\/\/birgitgraschopf.com\/wp-content\/uploads\/2022\/02\/01_Fotoperformance-2048x1365.jpeg 2048w\" sizes=\"(max-width: 1024px) 100vw, 1024px\" \/><figcaption><br><\/figcaption><\/figure>\n\n\n\n<figure class=\"wp-block-image size-large\"><img decoding=\"async\" width=\"1024\" height=\"683\" src=\"https:\/\/birgitgraschopf.com\/wp-content\/uploads\/2022\/02\/02_Fotoperformance-1024x683.jpeg\" alt=\"\" class=\"wp-image-795\" srcset=\"https:\/\/birgitgraschopf.com\/wp-content\/uploads\/2022\/02\/02_Fotoperformance-1024x683.jpeg 1024w, https:\/\/birgitgraschopf.com\/wp-content\/uploads\/2022\/02\/02_Fotoperformance-300x200.jpeg 300w, https:\/\/birgitgraschopf.com\/wp-content\/uploads\/2022\/02\/02_Fotoperformance-768x512.jpeg 768w, https:\/\/birgitgraschopf.com\/wp-content\/uploads\/2022\/02\/02_Fotoperformance-1536x1024.jpeg 1536w, https:\/\/birgitgraschopf.com\/wp-content\/uploads\/2022\/02\/02_Fotoperformance-2048x1365.jpeg 2048w\" sizes=\"(max-width: 1024px) 100vw, 1024px\" \/><\/figure>\n","protected":false},"excerpt":{"rendered":"<p>Fotoemulsion auf Sperrholz, 2.77 m x 2.40 m entstanden am 7. Februar 2018 bis heute Im Rahmen der Ausstellung \u201eRaum und Fotografie\u201c hat Birgit Graschopf&#8230;<\/p>\n<div class=\"more-link-wrapper\"><a class=\"more-link\" href=\"https:\/\/birgitgraschopf.com\/index.php\/fotoperformance-museum-der-moderne\/\">Continue Reading<span class=\"screen-reader-text\">Fotoperformance Museum der Moderne<\/span><\/a><\/div>\n","protected":false},"author":1,"featured_media":0,"parent":0,"menu_order":0,"comment_status":"closed","ping_status":"closed","template":"","meta":{"_uf_show_specific_survey":0,"_uf_disable_surveys":false,"footnotes":""},"class_list":["post-792","page","type-page","status-publish","hentry","entry"],"aioseo_notices":[],"_links":{"self":[{"href":"https:\/\/birgitgraschopf.com\/index.php\/wp-json\/wp\/v2\/pages\/792","targetHints":{"allow":["GET"]}}],"collection":[{"href":"https:\/\/birgitgraschopf.com\/index.php\/wp-json\/wp\/v2\/pages"}],"about":[{"href":"https:\/\/birgitgraschopf.com\/index.php\/wp-json\/wp\/v2\/types\/page"}],"author":[{"embeddable":true,"href":"https:\/\/birgitgraschopf.com\/index.php\/wp-json\/wp\/v2\/users\/1"}],"replies":[{"embeddable":true,"href":"https:\/\/birgitgraschopf.com\/index.php\/wp-json\/wp\/v2\/comments?post=792"}],"version-history":[{"count":3,"href":"https:\/\/birgitgraschopf.com\/index.php\/wp-json\/wp\/v2\/pages\/792\/revisions"}],"predecessor-version":[{"id":798,"href":"https:\/\/birgitgraschopf.com\/index.php\/wp-json\/wp\/v2\/pages\/792\/revisions\/798"}],"wp:attachment":[{"href":"https:\/\/birgitgraschopf.com\/index.php\/wp-json\/wp\/v2\/media?parent=792"}],"curies":[{"name":"wp","href":"https:\/\/api.w.org\/{rel}","templated":true}]}}