{"id":720,"date":"2022-01-26T20:18:32","date_gmt":"2022-01-26T20:18:32","guid":{"rendered":"https:\/\/birgitgraschopf.com\/?page_id=720"},"modified":"2026-02-28T16:40:59","modified_gmt":"2026-02-28T16:40:59","slug":"albertina-interventionen","status":"publish","type":"page","link":"https:\/\/birgitgraschopf.com\/index.php\/albertina-interventionen\/","title":{"rendered":"Albertina Interventionen"},"content":{"rendered":"\n<p class=\"has-text-align-center\">Wandbelichtungen in den G\u00e4ngen und im Stiegenhaus der Albertina Wien<br>2014 bis heute<\/p>\n\n\n\n<p><\/p>\n\n\n\n<p class=\"has-text-align-center\"><strong><em>Elektra<\/em><\/strong><br>Wandbelichtung nach Madame D\u2019Ora, 1915 \/ 2014, 143 x 65 cm + Hinterteil<\/p>\n\n\n\n<p class=\"has-text-align-center\"><em><strong>Mary Wigman<\/strong><\/em><br>Wandbelichtung nach Hugo Erfurt, 1927 \/ 2014, 340 x 140 cm<\/p>\n\n\n\n<p class=\"has-text-align-center\"><em><strong>Bewegungsstudie<\/strong><\/em><br>Wandbelichtung nach Rudolf Koppitz, 1926 \/ 2014, 315 x 140 cm<\/p>\n\n\n<div class=\"wp-block-image\">\n<figure class=\"aligncenter size-large\"><img fetchpriority=\"high\" decoding=\"async\" width=\"1024\" height=\"683\" src=\"https:\/\/birgitgraschopf.com\/wp-content\/uploads\/2022\/01\/01_Elektra-1024x683.jpeg\" alt=\"\" class=\"wp-image-723\" srcset=\"https:\/\/birgitgraschopf.com\/wp-content\/uploads\/2022\/01\/01_Elektra-1024x683.jpeg 1024w, https:\/\/birgitgraschopf.com\/wp-content\/uploads\/2022\/01\/01_Elektra-300x200.jpeg 300w, https:\/\/birgitgraschopf.com\/wp-content\/uploads\/2022\/01\/01_Elektra-768x512.jpeg 768w, https:\/\/birgitgraschopf.com\/wp-content\/uploads\/2022\/01\/01_Elektra-1536x1024.jpeg 1536w, https:\/\/birgitgraschopf.com\/wp-content\/uploads\/2022\/01\/01_Elektra-2048x1365.jpeg 2048w\" sizes=\"(max-width: 1024px) 100vw, 1024px\" \/><figcaption class=\"wp-element-caption\"><strong><em>Elektra<\/em><\/strong><\/figcaption><\/figure>\n<\/div>\n\n<div class=\"wp-block-image\">\n<figure class=\"aligncenter size-large\"><img decoding=\"async\" width=\"668\" height=\"1024\" src=\"https:\/\/birgitgraschopf.com\/wp-content\/uploads\/2022\/01\/02_MaryWigman-668x1024.jpeg\" alt=\"\" class=\"wp-image-725\" srcset=\"https:\/\/birgitgraschopf.com\/wp-content\/uploads\/2022\/01\/02_MaryWigman-668x1024.jpeg 668w, https:\/\/birgitgraschopf.com\/wp-content\/uploads\/2022\/01\/02_MaryWigman-196x300.jpeg 196w, https:\/\/birgitgraschopf.com\/wp-content\/uploads\/2022\/01\/02_MaryWigman-768x1177.jpeg 768w, https:\/\/birgitgraschopf.com\/wp-content\/uploads\/2022\/01\/02_MaryWigman-1003x1536.jpeg 1003w, https:\/\/birgitgraschopf.com\/wp-content\/uploads\/2022\/01\/02_MaryWigman-1337x2048.jpeg 1337w, https:\/\/birgitgraschopf.com\/wp-content\/uploads\/2022\/01\/02_MaryWigman-scaled.jpeg 1671w\" sizes=\"(max-width: 668px) 100vw, 668px\" \/><figcaption class=\"wp-element-caption\"><strong><em>Mary Wigman<\/em><\/strong><\/figcaption><\/figure>\n<\/div>\n\n<div class=\"wp-block-image\">\n<figure class=\"aligncenter size-large\"><img decoding=\"async\" width=\"1024\" height=\"814\" src=\"https:\/\/birgitgraschopf.com\/wp-content\/uploads\/2022\/01\/03_KoppitzWeit-1024x814.jpeg\" alt=\"\" class=\"wp-image-726\" srcset=\"https:\/\/birgitgraschopf.com\/wp-content\/uploads\/2022\/01\/03_KoppitzWeit-1024x814.jpeg 1024w, https:\/\/birgitgraschopf.com\/wp-content\/uploads\/2022\/01\/03_KoppitzWeit-300x238.jpeg 300w, https:\/\/birgitgraschopf.com\/wp-content\/uploads\/2022\/01\/03_KoppitzWeit-768x610.jpeg 768w, https:\/\/birgitgraschopf.com\/wp-content\/uploads\/2022\/01\/03_KoppitzWeit-1536x1221.jpeg 1536w, https:\/\/birgitgraschopf.com\/wp-content\/uploads\/2022\/01\/03_KoppitzWeit-2048x1628.jpeg 2048w\" sizes=\"(max-width: 1024px) 100vw, 1024px\" \/><figcaption class=\"wp-element-caption\"><strong><em>Bewegungsstudie<\/em><\/strong><\/figcaption><\/figure>\n<\/div>\n\n\n<p>Die Albertina l\u00e4dt in unregelm\u00e4\u00dfigen Abst\u00e4nden K\u00fcnstlerinnen und K\u00fcnstler ein, sich in Interventionen am Palais, im Museum und in den Habsburgischen Prunkr\u00e4umen mit dem Haus, seiner Geschichte, Architektur und Sammlung auseinander zu setzen. F\u00fcr die vierte Intervention dieser Reihe hat Birgit Graschopf drei Wandbelichtungen realisiert, deren Ausgangsbasis die Best\u00e4nde der Fotosammlung der Albertina bilden. Aus diesen hat die K\u00fcnstlerin drei Fotografien ausgew\u00e4hlt, die aus den 1910er und 1920er Jahren stammen. Sie alle haben die Frau, die Weiblichkeit zum Inhalt und befassen sich mit der Inszenierung des weiblichen Akts, der Bewegung und der Theaterfotografie der damaligen Zeit. Es ist eine Reminiszenz an die Fotoateliers Wiens zu Beginn des 20. Jahrhunderts, allen voran Madame D\u2019Ora und Rudolf Koppitz.<\/p>\n\n\n\n<p>In ihren installativen, raumbezogenen Arbeiten befasst sich Birgit Graschopf stets mit dem Vorgegebenen, dem bereits Vorhandenen. Die Haltungen und Posen der auf den Fotografien abgebildeten Figuren korrespondieren in den Wandbelichtungen mit der r\u00e4umlichen Situation vor Ort. Auch erg\u00e4nzt sich beispielsweise die Lichtsetzung in der Fotografie mit den tats\u00e4chlichen Lichtbedingungen des Raums, in dem sie belichtet wird oder eine reale Treppe setzt sich in der Abbildung fort. In der Wandbelichtung wird die Wand selbst zum Bildtr\u00e4ger, das ausgew\u00e4hlte Foto scheint mit dem Raum zu verschmelzen. Ein fotografisches Fresko entsteht.<\/p>\n\n\n\n<p>Elsy Lahner<br>Kuratorin f\u00fcr zeitgen\u00f6ssische Kunst<\/p>\n","protected":false},"excerpt":{"rendered":"<p>Wandbelichtungen in den G\u00e4ngen und im Stiegenhaus der Albertina Wien2014 bis heute ElektraWandbelichtung nach Madame D\u2019Ora, 1915 \/ 2014, 143 x 65 cm + Hinterteil&#8230;<\/p>\n<div class=\"more-link-wrapper\"><a class=\"more-link\" href=\"https:\/\/birgitgraschopf.com\/index.php\/albertina-interventionen\/\">Continue Reading<span class=\"screen-reader-text\">Albertina Interventionen<\/span><\/a><\/div>\n","protected":false},"author":1,"featured_media":0,"parent":0,"menu_order":0,"comment_status":"closed","ping_status":"closed","template":"","meta":{"_uf_show_specific_survey":0,"_uf_disable_surveys":false,"footnotes":""},"class_list":["post-720","page","type-page","status-publish","hentry","entry"],"aioseo_notices":[],"_links":{"self":[{"href":"https:\/\/birgitgraschopf.com\/index.php\/wp-json\/wp\/v2\/pages\/720","targetHints":{"allow":["GET"]}}],"collection":[{"href":"https:\/\/birgitgraschopf.com\/index.php\/wp-json\/wp\/v2\/pages"}],"about":[{"href":"https:\/\/birgitgraschopf.com\/index.php\/wp-json\/wp\/v2\/types\/page"}],"author":[{"embeddable":true,"href":"https:\/\/birgitgraschopf.com\/index.php\/wp-json\/wp\/v2\/users\/1"}],"replies":[{"embeddable":true,"href":"https:\/\/birgitgraschopf.com\/index.php\/wp-json\/wp\/v2\/comments?post=720"}],"version-history":[{"count":8,"href":"https:\/\/birgitgraschopf.com\/index.php\/wp-json\/wp\/v2\/pages\/720\/revisions"}],"predecessor-version":[{"id":1965,"href":"https:\/\/birgitgraschopf.com\/index.php\/wp-json\/wp\/v2\/pages\/720\/revisions\/1965"}],"wp:attachment":[{"href":"https:\/\/birgitgraschopf.com\/index.php\/wp-json\/wp\/v2\/media?parent=720"}],"curies":[{"name":"wp","href":"https:\/\/api.w.org\/{rel}","templated":true}]}}