{"id":609,"date":"2022-01-11T09:59:48","date_gmt":"2022-01-11T09:59:48","guid":{"rendered":"https:\/\/birgitgraschopf.com\/?page_id=609"},"modified":"2022-01-17T16:14:04","modified_gmt":"2022-01-17T16:14:04","slug":"perforationen","status":"publish","type":"page","link":"https:\/\/birgitgraschopf.com\/index.php\/perforationen\/","title":{"rendered":"Perforationen"},"content":{"rendered":"\n<figure class=\"wp-block-gallery columns-1 is-cropped wp-block-gallery-1 is-layout-flex wp-block-gallery-is-layout-flex\"><ul class=\"blocks-gallery-grid\"><li class=\"blocks-gallery-item\"><figure><img fetchpriority=\"high\" decoding=\"async\" width=\"1024\" height=\"683\" src=\"https:\/\/birgitgraschopf.com\/wp-content\/uploads\/2022\/01\/26E_Perforation-1-1024x683.jpeg\" alt=\"\" data-id=\"626\" data-full-url=\"https:\/\/birgitgraschopf.com\/wp-content\/uploads\/2022\/01\/26E_Perforation-1-scaled.jpeg\" data-link=\"https:\/\/birgitgraschopf.com\/index.php\/perforationen\/26e_perforation-1\/\" class=\"wp-image-626\" srcset=\"https:\/\/birgitgraschopf.com\/wp-content\/uploads\/2022\/01\/26E_Perforation-1-1024x683.jpeg 1024w, https:\/\/birgitgraschopf.com\/wp-content\/uploads\/2022\/01\/26E_Perforation-1-300x200.jpeg 300w, https:\/\/birgitgraschopf.com\/wp-content\/uploads\/2022\/01\/26E_Perforation-1-768x512.jpeg 768w, https:\/\/birgitgraschopf.com\/wp-content\/uploads\/2022\/01\/26E_Perforation-1-1536x1024.jpeg 1536w, https:\/\/birgitgraschopf.com\/wp-content\/uploads\/2022\/01\/26E_Perforation-1-2048x1365.jpeg 2048w\" sizes=\"(max-width: 1024px) 100vw, 1024px\" \/><\/figure><\/li><\/ul><\/figure>\n\n\n\n<div class=\"wp-block-group\"><div class=\"wp-block-group__inner-container is-layout-flow wp-block-group-is-layout-flow\">\n<figure class=\"wp-block-gallery columns-2 is-cropped wp-block-gallery-2 is-layout-flex wp-block-gallery-is-layout-flex\"><ul class=\"blocks-gallery-grid\"><li class=\"blocks-gallery-item\"><figure><img decoding=\"async\" width=\"857\" height=\"1024\" src=\"https:\/\/birgitgraschopf.com\/wp-content\/uploads\/2022\/01\/29E_Perforation-3-857x1024.jpeg\" alt=\"\" data-id=\"636\" data-link=\"https:\/\/birgitgraschopf.com\/index.php\/perforationen\/29e_perforation-3\/\" class=\"wp-image-636\" srcset=\"https:\/\/birgitgraschopf.com\/wp-content\/uploads\/2022\/01\/29E_Perforation-3-857x1024.jpeg 857w, https:\/\/birgitgraschopf.com\/wp-content\/uploads\/2022\/01\/29E_Perforation-3-251x300.jpeg 251w, https:\/\/birgitgraschopf.com\/wp-content\/uploads\/2022\/01\/29E_Perforation-3-768x918.jpeg 768w, https:\/\/birgitgraschopf.com\/wp-content\/uploads\/2022\/01\/29E_Perforation-3-1285x1536.jpeg 1285w, https:\/\/birgitgraschopf.com\/wp-content\/uploads\/2022\/01\/29E_Perforation-3-1713x2048.jpeg 1713w, https:\/\/birgitgraschopf.com\/wp-content\/uploads\/2022\/01\/29E_Perforation-3.jpeg 2006w\" sizes=\"(max-width: 857px) 100vw, 857px\" \/><\/figure><\/li><li class=\"blocks-gallery-item\"><figure><img decoding=\"async\" width=\"855\" height=\"1024\" src=\"https:\/\/birgitgraschopf.com\/wp-content\/uploads\/2022\/01\/28E_Perforation-2-855x1024.jpeg\" alt=\"\" data-id=\"632\" data-link=\"https:\/\/birgitgraschopf.com\/index.php\/perforationen\/28e_perforation-2\/\" class=\"wp-image-632\" srcset=\"https:\/\/birgitgraschopf.com\/wp-content\/uploads\/2022\/01\/28E_Perforation-2-855x1024.jpeg 855w, https:\/\/birgitgraschopf.com\/wp-content\/uploads\/2022\/01\/28E_Perforation-2-251x300.jpeg 251w, https:\/\/birgitgraschopf.com\/wp-content\/uploads\/2022\/01\/28E_Perforation-2-768x920.jpeg 768w, https:\/\/birgitgraschopf.com\/wp-content\/uploads\/2022\/01\/28E_Perforation-2-1283x1536.jpeg 1283w, https:\/\/birgitgraschopf.com\/wp-content\/uploads\/2022\/01\/28E_Perforation-2-1710x2048.jpeg 1710w, https:\/\/birgitgraschopf.com\/wp-content\/uploads\/2022\/01\/28E_Perforation-2.jpeg 2020w\" sizes=\"(max-width: 855px) 100vw, 855px\" \/><\/figure><\/li><\/ul><\/figure>\n<\/div><\/div>\n\n\n\n<div class=\"wp-block-group\"><div class=\"wp-block-group__inner-container is-layout-flow wp-block-group-is-layout-flow\">\n<div class=\"wp-block-group\"><div class=\"wp-block-group__inner-container is-layout-flow wp-block-group-is-layout-flow\">\n<div class=\"wp-block-group\"><div class=\"wp-block-group__inner-container is-layout-flow wp-block-group-is-layout-flow\">\n<div class=\"wp-block-group\"><div class=\"wp-block-group__inner-container is-layout-flow wp-block-group-is-layout-flow\">\n<div class=\"wp-block-columns is-layout-flex wp-container-core-columns-is-layout-9d6595d7 wp-block-columns-is-layout-flex\">\n<div class=\"wp-block-column is-layout-flow wp-block-column-is-layout-flow\">\n<figure class=\"wp-block-image size-large\"><img loading=\"lazy\" decoding=\"async\" width=\"714\" height=\"1024\" src=\"https:\/\/birgitgraschopf.com\/wp-content\/uploads\/2022\/01\/27E_Perforation-3-714x1024.jpeg\" alt=\"\" class=\"wp-image-634\" srcset=\"https:\/\/birgitgraschopf.com\/wp-content\/uploads\/2022\/01\/27E_Perforation-3-714x1024.jpeg 714w, https:\/\/birgitgraschopf.com\/wp-content\/uploads\/2022\/01\/27E_Perforation-3-209x300.jpeg 209w, https:\/\/birgitgraschopf.com\/wp-content\/uploads\/2022\/01\/27E_Perforation-3-768x1102.jpeg 768w, https:\/\/birgitgraschopf.com\/wp-content\/uploads\/2022\/01\/27E_Perforation-3-1070x1536.jpeg 1070w, https:\/\/birgitgraschopf.com\/wp-content\/uploads\/2022\/01\/27E_Perforation-3-1427x2048.jpeg 1427w, https:\/\/birgitgraschopf.com\/wp-content\/uploads\/2022\/01\/27E_Perforation-3-scaled.jpeg 1784w\" sizes=\"(max-width: 714px) 100vw, 714px\" \/><\/figure>\n<\/div>\n\n\n\n<div class=\"wp-block-column is-layout-flow wp-block-column-is-layout-flow\">\n<h2 class=\"wp-block-heading\"><\/h2>\n\n\n\n<p>Perforationen auf Grafit-geschw\u00e4rztem Papier<\/p>\n\n\n\n<p>Bilder nach Reihenfolge:<\/p>\n\n\n\n<p>Bleakish Appearances, 76 x 126 cm, 2019<\/p>\n\n\n\n<p>Ohne Titel, jeweils 35 x 43 cm, 2016<\/p>\n\n\n\n<p>Ohne Titel, 72 x 56 cm, 2019<\/p>\n<\/div>\n<\/div>\n<\/div><\/div>\n<\/div><\/div>\n<\/div><\/div>\n<\/div><\/div>\n\n\n\n<p><\/p>\n\n\n\n<p><\/p>\n\n\n\n<h2 class=\"wp-block-heading\">EXPOSED<\/h2>\n\n\n\n<p>Einzelausstellung in der Galerie Haas &amp; Gschwandtner, Salzburg, 2019<\/p>\n\n\n\n<p>Wandbelichtung<br>Fotografien auf Beton<br>Fotografien auf Schleifpapier<br>Perforationen auf Papier<\/p>\n\n\n\n<p>In mehreren Orten Norditaliens, wie Triest, Udine, Torviscosa u.a., habe ich meinen K\u00f6rper in Bezug zu ausgew\u00e4hlten \u00f6ffentlichen R\u00e4umen und Architekturen gesetzt, um deren Mechanismen, soziale Gef\u00fcge und Atmosph\u00e4ren zu untersuchen.<br>Diese sind u.a. die brutalistisch anmutende Wohnanlage Rozzol Melara in Triest, die Wohngeb\u00e4ude von Gino Valle in Udine, sowie faschistische Architektur zur Zeit Benito Mussolinis in Triest und Torviscosa. Die soziokulturellen Konzepte dieser<br>Architekturen bilden den Hintergrund f\u00fcr surreale Bilder, die zum Teil an die<br>Malerei De Chiricos erinnern, die aber auch geheimnisvoll und unheimlich wirken. Es sind Verortungen von Raum und Zeit auf das Tr\u00e4germaterial Beton, Schleifpapier sowie dem Galerieraum selbst.<\/p>\n\n\n\n<p>Eine Fotografie wurde direkt an eine 3 x5 m gro\u00dfe Wand der Galerie belichtet. Das Bild zeigt eine Wohnanlage von Gino Valle in einem Au\u00dfenbezirk von Udine. Die Architektur dieses Geb\u00e4udes \u00e4hnelt der Architektur des Hauses, in dem sich die Galerie befindet. Betritt man diese mit der Wandbelichtung an der Stirnseite, ist es, als w\u00fcrde der Raum um mindestens das Doppelte vergr\u00f6\u00dfert, man beginnt zu \u00fcberlegen, was hinter den S\u00e4ulen im Bild sein k\u00f6nnte, neue Raumperspektiven er\u00f6ffnen sich, je nach Blickwinkel und Standort des Betrachters.<\/p>\n\n\n\n<p>Die Fotografien wurden auf selbstgegossenen Betonplatten belichtet. Die Interaktion von Bild und Material erzeugt unterschiedliche Stimmungen, von geheimnisvoll bis brutal, und sie verdoppelt die Architektur, da sich diese nun als Abbild auf demselben Material wiederfindet, aus dem sie urspr\u00fcnglich gebaut wurde.<\/p>\n\n\n\n<p>Belichtete Fotografien auf Schleifpapieren unterschiedlicher K\u00f6rnung und Farbe unterstreichen die Ambiguit\u00e4t und das Mysteri\u00f6se der Bilder, da deren glitzernde Oberfl\u00e4chen das Foto mal mehr mal weniger sichtbar werden lassen.<\/p>\n\n\n\n<p>Die Perforationen sind auf Papier, welches zuerst h\u00e4ndisch mit Grafit geschw\u00e4rzt wurde. Die Konturen der Motive werden aus dem Bildtr\u00e4ger buchst\u00e4blich herausgearbeitet und erlangen ihre Sichtbarkeit erst durch die \u201eVerletzung\u201c bzw. Wegnahme des Materials, n\u00e4mlich in Form von Nadelstichen. In Korrespondenz zu den opaken Schleifpapierarbeiten verst\u00e4rkt die reflektierende Oberfl\u00e4che des Grafits den fragilen Charakter der abgebildeten, zarten Ger\u00fcste und angedeutetenden Geb\u00e4ude darunter. Insbesondere diese Perforationen erfordern die Interaktion und die k\u00f6rperliche Bewegung der Betrachter*innen, um \u00fcberhaupt sichtbar zu werden.<\/p>\n","protected":false},"excerpt":{"rendered":"<p>Perforationen auf Grafit-geschw\u00e4rztem Papier Bilder nach Reihenfolge: Bleakish Appearances, 76 x 126 cm, 2019 Ohne Titel, jeweils 35 x 43 cm, 2016 Ohne Titel, 72&#8230;<\/p>\n<div class=\"more-link-wrapper\"><a class=\"more-link\" href=\"https:\/\/birgitgraschopf.com\/index.php\/perforationen\/\">Continue Reading<span class=\"screen-reader-text\">Perforationen<\/span><\/a><\/div>\n","protected":false},"author":1,"featured_media":0,"parent":0,"menu_order":0,"comment_status":"closed","ping_status":"closed","template":"","meta":{"_uf_show_specific_survey":0,"_uf_disable_surveys":false,"footnotes":""},"class_list":["post-609","page","type-page","status-publish","hentry","entry"],"aioseo_notices":[],"_links":{"self":[{"href":"https:\/\/birgitgraschopf.com\/index.php\/wp-json\/wp\/v2\/pages\/609","targetHints":{"allow":["GET"]}}],"collection":[{"href":"https:\/\/birgitgraschopf.com\/index.php\/wp-json\/wp\/v2\/pages"}],"about":[{"href":"https:\/\/birgitgraschopf.com\/index.php\/wp-json\/wp\/v2\/types\/page"}],"author":[{"embeddable":true,"href":"https:\/\/birgitgraschopf.com\/index.php\/wp-json\/wp\/v2\/users\/1"}],"replies":[{"embeddable":true,"href":"https:\/\/birgitgraschopf.com\/index.php\/wp-json\/wp\/v2\/comments?post=609"}],"version-history":[{"count":15,"href":"https:\/\/birgitgraschopf.com\/index.php\/wp-json\/wp\/v2\/pages\/609\/revisions"}],"predecessor-version":[{"id":704,"href":"https:\/\/birgitgraschopf.com\/index.php\/wp-json\/wp\/v2\/pages\/609\/revisions\/704"}],"wp:attachment":[{"href":"https:\/\/birgitgraschopf.com\/index.php\/wp-json\/wp\/v2\/media?parent=609"}],"curies":[{"name":"wp","href":"https:\/\/api.w.org\/{rel}","templated":true}]}}