{"id":603,"date":"2022-01-11T09:58:13","date_gmt":"2022-01-11T09:58:13","guid":{"rendered":"https:\/\/birgitgraschopf.com\/?page_id=603"},"modified":"2022-01-17T16:07:27","modified_gmt":"2022-01-17T16:07:27","slug":"wandbelichtung-exposed","status":"publish","type":"page","link":"https:\/\/birgitgraschopf.com\/index.php\/wandbelichtung-exposed\/","title":{"rendered":"Wandbelichtung EXPOSED"},"content":{"rendered":"<div class=\"n2_clear\"><ss3-force-full-width data-overflow-x=\"body\" data-horizontal-selector=\"body\"><div class=\"n2-section-smartslider fitvidsignore  n2_clear\" data-ssid=\"9\"><div id=\"n2-ss-9-align\" class=\"n2-ss-align\"><div class=\"n2-padding\"><div id=\"n2-ss-9\" data-creator=\"Smart Slider 3\" data-responsive=\"fullwidth\" class=\"n2-ss-slider n2-ow n2-has-hover n2notransition  \">\n        <div class=\"n2-ss-slider-1 n2_ss__touch_element n2-ow\">\n            <div class=\"n2-ss-slider-2 n2-ow\">\n                                                <div class=\"n2-ss-slider-3 n2-ow\">\n\n                    <div class=\"n2-ss-slide-backgrounds n2-ow-all\"><div class=\"n2-ss-slide-background\" data-public-id=\"1\" data-mode=\"fill\"><div class=\"n2-ss-slide-background-image\" data-blur=\"0\" data-opacity=\"100\" data-x=\"50\" data-y=\"50\" data-alt=\"\" data-title=\"\"><picture class=\"skip-lazy\" data-skip-lazy=\"1\"><img decoding=\"async\" src=\"\/\/birgitgraschopf.com\/wp-content\/uploads\/2022\/01\/3E_WandbelichtungEXOSED-scaled.jpeg\" alt=\"\" title=\"\" loading=\"lazy\" class=\"skip-lazy\" data-skip-lazy=\"1\"><\/picture><\/div><div data-color=\"RGBA(255,255,255,0)\" style=\"background-color: RGBA(255,255,255,0);\" class=\"n2-ss-slide-background-color\"><\/div><\/div><\/div>                    <div class=\"n2-ss-slider-4 n2-ow\">\n                        <svg xmlns=\"http:\/\/www.w3.org\/2000\/svg\" viewBox=\"0 0 700 470\" data-related-device=\"desktopPortrait\" class=\"n2-ow n2-ss-preserve-size n2-ss-preserve-size--slider n2-ss-slide-limiter\"><\/svg><div data-first=\"1\" data-slide-duration=\"0\" data-id=\"142\" data-slide-public-id=\"1\" data-title=\"3E_WandbelichtungEXOSED\" class=\"n2-ss-slide n2-ow  n2-ss-slide-142\"><div role=\"note\" class=\"n2-ss-slide--focus\" tabindex=\"-1\">3E_WandbelichtungEXOSED<\/div><div class=\"n2-ss-layers-container n2-ss-slide-limiter n2-ow\"><div class=\"n2-ss-layer n2-ow n-uc-0umFlKEyL9Uz\" data-sstype=\"slide\" data-pm=\"default\"><\/div><\/div><\/div>                    <\/div>\n\n                                    <\/div>\n            <\/div>\n        <\/div>\n        <\/div><ss3-loader><\/ss3-loader><\/div><\/div><div class=\"n2_clear\"><\/div><\/div><\/ss3-force-full-width><\/div>\n\n\n<h2 class=\"wp-block-heading\"><\/h2>\n\n\n\n<p><\/p>\n\n\n\n<p>Wandbelichtung 3 m x 5 m, 2019<\/p>\n\n\n\n<h2 class=\"wp-block-heading\">EXPOSED<\/h2>\n\n\n\n<p>Einzelausstellung in der Galerie Haas &amp; Gschwandtner, Salzburg, 2019<\/p>\n\n\n\n<p>Wandbelichtung<br>Fotografien auf Beton<br>Fotografien auf Schleifpapier<br>Perforationen auf Papier<\/p>\n\n\n\n<p>In mehreren Orten Norditaliens, wie Triest, Udine, Torviscosa u.a., habe ich meinen K\u00f6rper in Bezug zu ausgew\u00e4hlten \u00f6ffentlichen R\u00e4umen und Architekturen gesetzt, um deren Mechanismen, soziale Gef\u00fcge und Atmosph\u00e4ren zu untersuchen.<br>Diese sind u.a. die brutalistisch anmutende Wohnanlage Rozzol Melara in Triest, die Wohngeb\u00e4ude von Gino Valle in Udine, sowie faschistische Architektur zur Zeit Benito Mussolinis in Triest und Torviscosa. Die soziokulturellen Konzepte dieser<br>Architekturen bilden den Hintergrund f\u00fcr surreale Bilder, die zum Teil an die<br>Malerei De Chiricos erinnern, die aber auch geheimnisvoll und unheimlich wirken. Es sind Verortungen von Raum und Zeit auf das Tr\u00e4germaterial Beton, Schleifpapier sowie dem Galerieraum selbst.<\/p>\n\n\n\n<p>Eine Fotografie wurde direkt an eine 3 x5 m gro\u00dfe Wand der Galerie belichtet. Das Bild zeigt eine Wohnanlage von Gino Valle in einem Au\u00dfenbezirk von Udine. Die Architektur dieses Geb\u00e4udes \u00e4hnelt der Architektur des Hauses, in dem sich die Galerie befindet. Betritt man diese mit der Wandbelichtung an der Stirnseite, ist es, als w\u00fcrde der Raum um mindestens das Doppelte vergr\u00f6\u00dfert, man beginnt zu \u00fcberlegen, was hinter den S\u00e4ulen im Bild sein k\u00f6nnte, neue Raumperspektiven er\u00f6ffnen sich, je nach Blickwinkel und Standort des Betrachters.<\/p>\n\n\n\n<p>Die Fotografien wurden auf selbstgegossenen Betonplatten belichtet. Die Interaktion von Bild und Material erzeugt unterschiedliche Stimmungen, von geheimnisvoll bis brutal, und sie verdoppelt die Architektur, da sich diese nun als Abbild auf demselben Material wiederfindet, aus dem sie urspr\u00fcnglich gebaut wurde.<\/p>\n\n\n\n<p>Belichtete Fotografien auf Schleifpapieren unterschiedlicher K\u00f6rnung und Farbe unterstreichen die Ambiguit\u00e4t und das Mysteri\u00f6se der Bilder, da deren glitzernde Oberfl\u00e4chen das Foto mal mehr mal weniger sichtbar werden lassen.<\/p>\n\n\n\n<p>Die Perforationen sind auf Papier, welches zuerst h\u00e4ndisch mit Grafit geschw\u00e4rzt wurde. Die Konturen der Motive werden aus dem Bildtr\u00e4ger buchst\u00e4blich herausgearbeitet und erlangen ihre Sichtbarkeit erst durch die \u201eVerletzung\u201c bzw. Wegnahme des Materials, n\u00e4mlich in Form von Nadelstichen. In Korrespondenz zu den opaken Schleifpapierarbeiten verst\u00e4rkt die reflektierende Oberfl\u00e4che des Grafits den fragilen Charakter der abgebildeten, zarten Ger\u00fcste und angedeutetenden Geb\u00e4ude darunter. Insbesondere diese Perforationen erfordern die Interaktion und die k\u00f6rperliche Bewegung der Betrachter*innen, um \u00fcberhaupt sichtbar zu werden.<\/p>\n","protected":false},"excerpt":{"rendered":"<p>Wandbelichtung 3 m x 5 m, 2019 EXPOSED Einzelausstellung in der Galerie Haas &amp; Gschwandtner, Salzburg, 2019 WandbelichtungFotografien auf BetonFotografien auf SchleifpapierPerforationen auf Papier In&#8230;<\/p>\n<div class=\"more-link-wrapper\"><a class=\"more-link\" href=\"https:\/\/birgitgraschopf.com\/index.php\/wandbelichtung-exposed\/\">Continue Reading<span class=\"screen-reader-text\">Wandbelichtung EXPOSED<\/span><\/a><\/div>\n","protected":false},"author":1,"featured_media":0,"parent":0,"menu_order":0,"comment_status":"closed","ping_status":"closed","template":"","meta":{"_uf_show_specific_survey":0,"_uf_disable_surveys":false,"footnotes":""},"class_list":["post-603","page","type-page","status-publish","hentry","entry"],"aioseo_notices":[],"_links":{"self":[{"href":"https:\/\/birgitgraschopf.com\/index.php\/wp-json\/wp\/v2\/pages\/603","targetHints":{"allow":["GET"]}}],"collection":[{"href":"https:\/\/birgitgraschopf.com\/index.php\/wp-json\/wp\/v2\/pages"}],"about":[{"href":"https:\/\/birgitgraschopf.com\/index.php\/wp-json\/wp\/v2\/types\/page"}],"author":[{"embeddable":true,"href":"https:\/\/birgitgraschopf.com\/index.php\/wp-json\/wp\/v2\/users\/1"}],"replies":[{"embeddable":true,"href":"https:\/\/birgitgraschopf.com\/index.php\/wp-json\/wp\/v2\/comments?post=603"}],"version-history":[{"count":4,"href":"https:\/\/birgitgraschopf.com\/index.php\/wp-json\/wp\/v2\/pages\/603\/revisions"}],"predecessor-version":[{"id":702,"href":"https:\/\/birgitgraschopf.com\/index.php\/wp-json\/wp\/v2\/pages\/603\/revisions\/702"}],"wp:attachment":[{"href":"https:\/\/birgitgraschopf.com\/index.php\/wp-json\/wp\/v2\/media?parent=603"}],"curies":[{"name":"wp","href":"https:\/\/api.w.org\/{rel}","templated":true}]}}