{"id":520,"date":"2021-12-07T09:26:31","date_gmt":"2021-12-07T09:26:31","guid":{"rendered":"https:\/\/birgitgraschopf.com\/?page_id=520"},"modified":"2022-08-03T23:19:31","modified_gmt":"2022-08-03T23:19:31","slug":"flechtenkosmos","status":"publish","type":"page","link":"https:\/\/birgitgraschopf.com\/index.php\/flechtenkosmos\/","title":{"rendered":"Flechtenkosmos"},"content":{"rendered":"\n<h2 class=\"wp-block-heading\"><br><\/h2>\n\n\n\n<p><\/p>\n\n\n\n<figure class=\"wp-block-video\"><video height=\"1280\" style=\"aspect-ratio: 1920 \/ 1280;\" width=\"1920\" controls src=\"https:\/\/birgitgraschopf.com\/wp-content\/uploads\/2021\/12\/FlechtenkosmosFilm.mp4\"><\/video><\/figure>\n\n\n\n<div class=\"wp-block-media-text alignfull has-media-on-the-right is-stacked-on-mobile is-vertically-aligned-center\"><figure class=\"wp-block-media-text__media\"><img fetchpriority=\"high\" decoding=\"async\" width=\"1024\" height=\"683\" src=\"https:\/\/birgitgraschopf.com\/wp-content\/uploads\/2021\/12\/02_Flechtenkosmosklein-1024x683.jpeg\" alt=\"\" class=\"wp-image-487 size-full\" srcset=\"https:\/\/birgitgraschopf.com\/wp-content\/uploads\/2021\/12\/02_Flechtenkosmosklein-1024x683.jpeg 1024w, https:\/\/birgitgraschopf.com\/wp-content\/uploads\/2021\/12\/02_Flechtenkosmosklein-300x200.jpeg 300w, https:\/\/birgitgraschopf.com\/wp-content\/uploads\/2021\/12\/02_Flechtenkosmosklein-768x512.jpeg 768w, https:\/\/birgitgraschopf.com\/wp-content\/uploads\/2021\/12\/02_Flechtenkosmosklein-1536x1024.jpeg 1536w, https:\/\/birgitgraschopf.com\/wp-content\/uploads\/2021\/12\/02_Flechtenkosmosklein-2048x1365.jpeg 2048w\" sizes=\"(max-width: 1024px) 100vw, 1024px\" \/><\/figure><div class=\"wp-block-media-text__content\">\n<p><em>permanente fotografische Wandbelichtung im Haus der Wildnis, Lunz am See\/N\u00d6 <\/em><\/p>\n\n\n\n<p><em>2,5 m x 11,12 m, &#8211; 28 m<sup>2<\/sup><\/em><\/p>\n\n\n\n<p><em>2021<\/em><\/p>\n\n\n\n<p>Eigens f\u00fcr das neue Museum \u201eHaus der Wildnis\u201c wurde ein fast 28 m<sup>2<\/sup> gro\u00dfes fotografisches Fresko entwickelt.<\/p>\n\n\n\n<p>Es zeigt Flechten am Baumstamm einer Rotbuche aus dem Wildnisgebiet D\u00fcrrenstein, die digital&nbsp;bearbeitet und um ein Vielfaches vergr\u00f6\u00dfert direkt an die W\u00e4nde belichtet wurden.<\/p>\n\n\n\n<p>Flechten sind eine Mischung aus Pilz und Alge und z\u00e4hlen zu den heute \u00e4ltesten Lebewesen. Fossilien belegen, dass es sie schon vor 600 Millionen Jahren gab. Sie sind \u00e4u\u00dferst langlebig und gen\u00fcgsam und bilden einen Mikrokosmos aus verschiedenen abstrakten Wuchsformen, die ebenso den Makrokosmos zu beinhalten scheinen. L\u00e4sst diese Arbeit auch an verkraterte Planeten- und Mondoberfl\u00e4chen und an Staub von Asteroiden und Kometen erinnern. <\/p>\n\n\n\n<p>Das &#8222;Haus der Wildnis&#8220; in Lunz legt seinen Schwerpunkt auf das streng gesch\u00fctzte Wildnisgebiet D\u00fcrrenstein-Lassingtal und seinen Urwald, den letzten Mitteleuropas, den die \u00d6ffentlichkeit kaum betreten darf und bringt diesen einzigartigen Ort den Besucher*innen n\u00e4her.<\/p>\n\n\n\n<p>Der Flechtenkosmos ist meine bis dato gr\u00f6\u00dfte Wandbelichtung.<\/p>\n<\/div><\/div>\n","protected":false},"excerpt":{"rendered":"<p>permanente fotografische Wandbelichtung im Haus der Wildnis, Lunz am See\/N\u00d6 2,5 m x 11,12 m, &#8211; 28 m2 2021 Eigens f\u00fcr das neue Museum \u201eHaus&#8230;<\/p>\n<div class=\"more-link-wrapper\"><a class=\"more-link\" href=\"https:\/\/birgitgraschopf.com\/index.php\/flechtenkosmos\/\">Continue Reading<span class=\"screen-reader-text\">Flechtenkosmos<\/span><\/a><\/div>\n","protected":false},"author":1,"featured_media":0,"parent":0,"menu_order":0,"comment_status":"closed","ping_status":"closed","template":"","meta":{"_uf_show_specific_survey":0,"_uf_disable_surveys":false,"footnotes":""},"class_list":["post-520","page","type-page","status-publish","hentry","entry"],"aioseo_notices":[],"_links":{"self":[{"href":"https:\/\/birgitgraschopf.com\/index.php\/wp-json\/wp\/v2\/pages\/520","targetHints":{"allow":["GET"]}}],"collection":[{"href":"https:\/\/birgitgraschopf.com\/index.php\/wp-json\/wp\/v2\/pages"}],"about":[{"href":"https:\/\/birgitgraschopf.com\/index.php\/wp-json\/wp\/v2\/types\/page"}],"author":[{"embeddable":true,"href":"https:\/\/birgitgraschopf.com\/index.php\/wp-json\/wp\/v2\/users\/1"}],"replies":[{"embeddable":true,"href":"https:\/\/birgitgraschopf.com\/index.php\/wp-json\/wp\/v2\/comments?post=520"}],"version-history":[{"count":10,"href":"https:\/\/birgitgraschopf.com\/index.php\/wp-json\/wp\/v2\/pages\/520\/revisions"}],"predecessor-version":[{"id":1110,"href":"https:\/\/birgitgraschopf.com\/index.php\/wp-json\/wp\/v2\/pages\/520\/revisions\/1110"}],"wp:attachment":[{"href":"https:\/\/birgitgraschopf.com\/index.php\/wp-json\/wp\/v2\/media?parent=520"}],"curies":[{"name":"wp","href":"https:\/\/api.w.org\/{rel}","templated":true}]}}