{"id":1171,"date":"2023-01-06T11:58:52","date_gmt":"2023-01-06T11:58:52","guid":{"rendered":"https:\/\/birgitgraschopf.com\/?page_id=1171"},"modified":"2023-09-13T10:22:51","modified_gmt":"2023-09-13T10:22:51","slug":"scarpa","status":"publish","type":"page","link":"https:\/\/birgitgraschopf.com\/index.php\/scarpa\/","title":{"rendered":"Scarpa"},"content":{"rendered":"\n<figure class=\"wp-block-gallery has-nested-images columns-default is-cropped wp-block-gallery-1 is-layout-flex wp-block-gallery-is-layout-flex\"><\/figure>\n\n\n\n<figure class=\"wp-block-gallery has-nested-images columns-default is-cropped wp-block-gallery-2 is-layout-flex wp-block-gallery-is-layout-flex\">\n<figure class=\"wp-block-image size-large\"><img fetchpriority=\"high\" decoding=\"async\" width=\"1024\" height=\"683\" data-id=\"1160\" src=\"https:\/\/birgitgraschopf.com\/wp-content\/uploads\/2023\/01\/002_Scarpa-1024x683.jpeg\" alt=\"\" class=\"wp-image-1160\" srcset=\"https:\/\/birgitgraschopf.com\/wp-content\/uploads\/2023\/01\/002_Scarpa-1024x683.jpeg 1024w, https:\/\/birgitgraschopf.com\/wp-content\/uploads\/2023\/01\/002_Scarpa-300x200.jpeg 300w, https:\/\/birgitgraschopf.com\/wp-content\/uploads\/2023\/01\/002_Scarpa-768x512.jpeg 768w, https:\/\/birgitgraschopf.com\/wp-content\/uploads\/2023\/01\/002_Scarpa-1536x1024.jpeg 1536w, https:\/\/birgitgraschopf.com\/wp-content\/uploads\/2023\/01\/002_Scarpa-2048x1365.jpeg 2048w\" sizes=\"(max-width: 1024px) 100vw, 1024px\" \/><\/figure>\n<\/figure>\n\n\n\n<figure class=\"wp-block-gallery has-nested-images columns-default is-cropped wp-block-gallery-3 is-layout-flex wp-block-gallery-is-layout-flex\">\n<figure class=\"wp-block-image size-large\"><img decoding=\"async\" width=\"1024\" height=\"683\" data-id=\"1260\" src=\"https:\/\/birgitgraschopf.com\/wp-content\/uploads\/2023\/01\/5OberbaumgartenDiptchon-1-1024x683.jpg\" alt=\"\" class=\"wp-image-1260\" srcset=\"https:\/\/birgitgraschopf.com\/wp-content\/uploads\/2023\/01\/5OberbaumgartenDiptchon-1-1024x683.jpg 1024w, https:\/\/birgitgraschopf.com\/wp-content\/uploads\/2023\/01\/5OberbaumgartenDiptchon-1-300x200.jpg 300w, https:\/\/birgitgraschopf.com\/wp-content\/uploads\/2023\/01\/5OberbaumgartenDiptchon-1-768x512.jpg 768w, https:\/\/birgitgraschopf.com\/wp-content\/uploads\/2023\/01\/5OberbaumgartenDiptchon-1-1536x1024.jpg 1536w, https:\/\/birgitgraschopf.com\/wp-content\/uploads\/2023\/01\/5OberbaumgartenDiptchon-1-2048x1366.jpg 2048w\" sizes=\"(max-width: 1024px) 100vw, 1024px\" \/><\/figure>\n<\/figure>\n\n\n\n<figure class=\"wp-block-gallery has-nested-images columns-default is-cropped wp-block-gallery-4 is-layout-flex wp-block-gallery-is-layout-flex\">\n<figure class=\"wp-block-image size-large\"><img decoding=\"async\" width=\"1024\" height=\"683\" data-id=\"1262\" src=\"https:\/\/birgitgraschopf.com\/wp-content\/uploads\/2023\/01\/3HopperStiegenhaus-1-1024x683.jpg\" alt=\"\" class=\"wp-image-1262\" srcset=\"https:\/\/birgitgraschopf.com\/wp-content\/uploads\/2023\/01\/3HopperStiegenhaus-1-1024x683.jpg 1024w, https:\/\/birgitgraschopf.com\/wp-content\/uploads\/2023\/01\/3HopperStiegenhaus-1-300x200.jpg 300w, https:\/\/birgitgraschopf.com\/wp-content\/uploads\/2023\/01\/3HopperStiegenhaus-1-768x512.jpg 768w, https:\/\/birgitgraschopf.com\/wp-content\/uploads\/2023\/01\/3HopperStiegenhaus-1-1536x1024.jpg 1536w, https:\/\/birgitgraschopf.com\/wp-content\/uploads\/2023\/01\/3HopperStiegenhaus-1-2048x1366.jpg 2048w\" sizes=\"(max-width: 1024px) 100vw, 1024px\" \/><\/figure>\n\n\n\n<figure class=\"wp-block-image size-large\"><img loading=\"lazy\" decoding=\"async\" width=\"1024\" height=\"683\" data-id=\"1263\" src=\"https:\/\/birgitgraschopf.com\/wp-content\/uploads\/2023\/01\/4AbandonedStiegenhaus-2-1024x683.jpg\" alt=\"\" class=\"wp-image-1263\" srcset=\"https:\/\/birgitgraschopf.com\/wp-content\/uploads\/2023\/01\/4AbandonedStiegenhaus-2-1024x683.jpg 1024w, https:\/\/birgitgraschopf.com\/wp-content\/uploads\/2023\/01\/4AbandonedStiegenhaus-2-300x200.jpg 300w, https:\/\/birgitgraschopf.com\/wp-content\/uploads\/2023\/01\/4AbandonedStiegenhaus-2-768x512.jpg 768w, https:\/\/birgitgraschopf.com\/wp-content\/uploads\/2023\/01\/4AbandonedStiegenhaus-2-1536x1024.jpg 1536w, https:\/\/birgitgraschopf.com\/wp-content\/uploads\/2023\/01\/4AbandonedStiegenhaus-2-2048x1366.jpg 2048w\" sizes=\"(max-width: 1024px) 100vw, 1024px\" \/><\/figure>\n<\/figure>\n\n\n\n<p>Wandtafeln in Wiener Wohnh\u00e4usern der Firma Walter Immobilien, analoge Fotografien auf Holzplatten, verschiedene Gr\u00f6\u00dfen, teilweise koloriert, 2022<\/p>\n","protected":false},"excerpt":{"rendered":"<p>Wandtafeln in Wiener Wohnh\u00e4usern der Firma Walter Immobilien, analoge Fotografien auf Holzplatten, verschiedene Gr\u00f6\u00dfen, teilweise koloriert, 2022<\/p>\n","protected":false},"author":1,"featured_media":0,"parent":0,"menu_order":0,"comment_status":"closed","ping_status":"closed","template":"","meta":{"_uf_show_specific_survey":0,"_uf_disable_surveys":false,"footnotes":""},"class_list":["post-1171","page","type-page","status-publish","hentry","entry"],"aioseo_notices":[],"_links":{"self":[{"href":"https:\/\/birgitgraschopf.com\/index.php\/wp-json\/wp\/v2\/pages\/1171","targetHints":{"allow":["GET"]}}],"collection":[{"href":"https:\/\/birgitgraschopf.com\/index.php\/wp-json\/wp\/v2\/pages"}],"about":[{"href":"https:\/\/birgitgraschopf.com\/index.php\/wp-json\/wp\/v2\/types\/page"}],"author":[{"embeddable":true,"href":"https:\/\/birgitgraschopf.com\/index.php\/wp-json\/wp\/v2\/users\/1"}],"replies":[{"embeddable":true,"href":"https:\/\/birgitgraschopf.com\/index.php\/wp-json\/wp\/v2\/comments?post=1171"}],"version-history":[{"count":5,"href":"https:\/\/birgitgraschopf.com\/index.php\/wp-json\/wp\/v2\/pages\/1171\/revisions"}],"predecessor-version":[{"id":1398,"href":"https:\/\/birgitgraschopf.com\/index.php\/wp-json\/wp\/v2\/pages\/1171\/revisions\/1398"}],"wp:attachment":[{"href":"https:\/\/birgitgraschopf.com\/index.php\/wp-json\/wp\/v2\/media?parent=1171"}],"curies":[{"name":"wp","href":"https:\/\/api.w.org\/{rel}","templated":true}]}}